{"id":3290,"date":"2022-03-03T17:37:27","date_gmt":"2022-03-03T16:37:27","guid":{"rendered":"https:\/\/batsi.eu\/?page_id=3290"},"modified":"2022-03-03T17:38:26","modified_gmt":"2022-03-03T16:38:26","slug":"batsiconfigurator-pt","status":"publish","type":"page","link":"https:\/\/batsi.eu\/pt-pt\/batsiconfigurator-pt\/","title":{"rendered":"BatsiConfigurator"},"content":{"rendered":"\t\t<div data-elementor-type=\"wp-page\" data-elementor-id=\"3290\" class=\"elementor elementor-3290\" data-elementor-settings=\"[]\">\n\t\t\t<div class=\"elementor-inner\">\n\t\t\t\t<div class=\"elementor-section-wrap\">\n\t\t\t\t\t\t\t<section class=\"elementor-element elementor-element-2493890 elementor-section-full_width content-section elementor-section-height-default elementor-section-height-default elementor-section elementor-top-section\" data-id=\"2493890\" data-element_type=\"section\" data-settings=\"{&quot;background_background&quot;:&quot;classic&quot;}\">\n\t\t\t\t\t\t<div class=\"elementor-container elementor-column-gap-default\">\n\t\t\t\t<div class=\"elementor-row\">\n\t\t\t\t<div class=\"elementor-element elementor-element-91999f3 elementor-column elementor-col-100 elementor-top-column\" data-id=\"91999f3\" data-element_type=\"column\">\n\t\t\t<div class=\"elementor-column-wrap  elementor-element-populated\">\n\t\t\t\t\t<div class=\"elementor-widget-wrap\">\n\t\t\t\t<div class=\"elementor-element elementor-element-2c6dfdf elementor-widget elementor-widget-image\" data-id=\"2c6dfdf\" data-element_type=\"widget\" data-widget_type=\"image.default\">\n\t\t\t\t<div class=\"elementor-widget-container\">\n\t\t\t\t\t<div class=\"elementor-image\">\n\t\t\t\t\t\t\t\t\t\t<img loading=\"lazy\" decoding=\"async\" width=\"6000\" height=\"3000\" src=\"https:\/\/batsi.eu\/wp-content\/uploads\/2022\/02\/SERIE-EP-Control-de-va\u0301lvulas-proporcionales-4.png\" class=\"attachment-full size-full\" alt=\"\" srcset=\"https:\/\/batsi.eu\/wp-content\/uploads\/2022\/02\/SERIE-EP-Control-de-va\u0301lvulas-proporcionales-4.png 6000w, https:\/\/batsi.eu\/wp-content\/uploads\/2022\/02\/SERIE-EP-Control-de-va\u0301lvulas-proporcionales-4-300x150.png 300w, https:\/\/batsi.eu\/wp-content\/uploads\/2022\/02\/SERIE-EP-Control-de-va\u0301lvulas-proporcionales-4-1024x512.png 1024w, https:\/\/batsi.eu\/wp-content\/uploads\/2022\/02\/SERIE-EP-Control-de-va\u0301lvulas-proporcionales-4-768x384.png 768w, https:\/\/batsi.eu\/wp-content\/uploads\/2022\/02\/SERIE-EP-Control-de-va\u0301lvulas-proporcionales-4-1536x768.png 1536w, https:\/\/batsi.eu\/wp-content\/uploads\/2022\/02\/SERIE-EP-Control-de-va\u0301lvulas-proporcionales-4-2048x1024.png 2048w\" sizes=\"(max-width: 6000px) 100vw, 6000px\" \/>\t\t\t\t\t\t\t\t\t\t\t<\/div>\n\t\t\t\t<\/div>\n\t\t\t\t<\/div>\n\t\t\t\t\t\t<\/div>\n\t\t\t<\/div>\n\t\t<\/div>\n\t\t\t\t\t\t<\/div>\n\t\t\t<\/div>\n\t\t<\/section>\n\t\t\t\t<section class=\"elementor-element elementor-element-e3438db elementor-section-boxed elementor-section-height-default elementor-section-height-default elementor-section elementor-top-section\" data-id=\"e3438db\" data-element_type=\"section\">\n\t\t\t\t\t\t<div class=\"elementor-container elementor-column-gap-default\">\n\t\t\t\t<div class=\"elementor-row\">\n\t\t\t\t<div class=\"elementor-element elementor-element-20b3fca elementor-column elementor-col-100 elementor-top-column\" data-id=\"20b3fca\" data-element_type=\"column\">\n\t\t\t<div class=\"elementor-column-wrap  elementor-element-populated\">\n\t\t\t\t\t<div class=\"elementor-widget-wrap\">\n\t\t\t\t<div class=\"elementor-element elementor-element-57519b2 elementor-widget elementor-widget-heading\" data-id=\"57519b2\" data-element_type=\"widget\" data-widget_type=\"heading.default\">\n\t\t\t\t<div class=\"elementor-widget-container\">\n\t\t\t<h2 class=\"elementor-heading-title elementor-size-default\">A forma mais f\u00e1cil de adaptar a s\u00e9rie EP \u00e0s suas necessidades.<\/h2>\t\t<\/div>\n\t\t\t\t<\/div>\n\t\t\t\t\t\t<\/div>\n\t\t\t<\/div>\n\t\t<\/div>\n\t\t\t\t\t\t<\/div>\n\t\t\t<\/div>\n\t\t<\/section>\n\t\t\t\t<section class=\"elementor-element elementor-element-df6a6a5 elementor-section-height-min-height elementor-section-content-middle elementor-section-boxed elementor-section-height-default elementor-section-items-middle elementor-section elementor-top-section\" data-id=\"df6a6a5\" data-element_type=\"section\">\n\t\t\t\t\t\t<div class=\"elementor-container elementor-column-gap-default\">\n\t\t\t\t<div class=\"elementor-row\">\n\t\t\t\t<div class=\"elementor-element elementor-element-e7c3678 elementor-column elementor-col-50 elementor-top-column\" data-id=\"e7c3678\" data-element_type=\"column\" data-settings=\"{&quot;background_background&quot;:&quot;classic&quot;}\">\n\t\t\t<div class=\"elementor-column-wrap  elementor-element-populated\">\n\t\t\t\t\t<div class=\"elementor-widget-wrap\">\n\t\t\t\t<div class=\"elementor-element elementor-element-f753dae elementor-widget elementor-widget-text-editor\" data-id=\"f753dae\" data-element_type=\"widget\" data-widget_type=\"text-editor.default\">\n\t\t\t\t<div class=\"elementor-widget-container\">\n\t\t\t\t\t<div class=\"elementor-text-editor elementor-clearfix\"><p style=\"text-align: left;\">Descarregue aqui com seguran\u00e7a o software BatsiConfigurator para configurar o seu <strong>EP112P<\/strong>, <strong>EP212J<\/strong> ou <strong>EP412J<\/strong>.<\/p><\/div>\n\t\t\t\t<\/div>\n\t\t\t\t<\/div>\n\t\t\t\t\t\t<\/div>\n\t\t\t<\/div>\n\t\t<\/div>\n\t\t\t\t<div class=\"elementor-element elementor-element-7a8a7b0 elementor-column elementor-col-50 elementor-top-column\" data-id=\"7a8a7b0\" data-element_type=\"column\" data-settings=\"{&quot;background_background&quot;:&quot;classic&quot;}\">\n\t\t\t<div class=\"elementor-column-wrap  elementor-element-populated\">\n\t\t\t\t\t<div class=\"elementor-widget-wrap\">\n\t\t\t\t<div class=\"elementor-element elementor-element-90cad8b elementor-align-center elementor-widget elementor-widget-button\" data-id=\"90cad8b\" data-element_type=\"widget\" data-widget_type=\"button.default\">\n\t\t\t\t<div class=\"elementor-widget-container\">\n\t\t\t\t\t<div class=\"elementor-button-wrapper\">\n\t\t\t<a href=\"https:\/\/mega.nz\/file\/hgs1VIKa#CK8pRLWSq5oHIGo9TN7POLuCszv3S1NX7n5pXW2cnqI\" class=\"elementor-button-link elementor-button elementor-size-sm\" role=\"button\">\n\t\t\t\t\t\t<span class=\"elementor-button-content-wrapper\">\n\t\t\t\t\t\t<span class=\"elementor-button-text\">Descarregar BatsiConfigurator<\/span>\n\t\t<\/span>\n\t\t\t\t\t<\/a>\n\t\t<\/div>\n\t\t\t\t<\/div>\n\t\t\t\t<\/div>\n\t\t\t\t\t\t<\/div>\n\t\t\t<\/div>\n\t\t<\/div>\n\t\t\t\t\t\t<\/div>\n\t\t\t<\/div>\n\t\t<\/section>\n\t\t\t\t<section class=\"elementor-element elementor-element-a53a5f5 elementor-section-boxed elementor-section-height-default elementor-section-height-default elementor-section elementor-top-section\" data-id=\"a53a5f5\" data-element_type=\"section\">\n\t\t\t\t\t\t<div class=\"elementor-container elementor-column-gap-default\">\n\t\t\t\t<div class=\"elementor-row\">\n\t\t\t\t<div class=\"elementor-element elementor-element-707c5f9 elementor-column elementor-col-100 elementor-top-column\" data-id=\"707c5f9\" data-element_type=\"column\">\n\t\t\t<div class=\"elementor-column-wrap  elementor-element-populated\">\n\t\t\t\t\t<div class=\"elementor-widget-wrap\">\n\t\t\t\t<section class=\"elementor-element elementor-element-7681cb4 elementor-section-boxed elementor-section-height-default elementor-section-height-default elementor-section elementor-inner-section\" data-id=\"7681cb4\" data-element_type=\"section\">\n\t\t\t\t\t\t<div class=\"elementor-container elementor-column-gap-default\">\n\t\t\t\t<div class=\"elementor-row\">\n\t\t\t\t<div class=\"elementor-element elementor-element-a1782e0 elementor-column elementor-col-25 elementor-inner-column\" data-id=\"a1782e0\" data-element_type=\"column\">\n\t\t\t<div class=\"elementor-column-wrap  elementor-element-populated\">\n\t\t\t\t\t<div class=\"elementor-widget-wrap\">\n\t\t\t\t<div class=\"elementor-element elementor-element-73ebfd2 elementor-widget elementor-widget-text-editor\" data-id=\"73ebfd2\" data-element_type=\"widget\" data-widget_type=\"text-editor.default\">\n\t\t\t\t<div class=\"elementor-widget-container\">\n\t\t\t\t\t<div class=\"elementor-text-editor elementor-clearfix\"><h3>Detalhes<\/h3><\/div>\n\t\t\t\t<\/div>\n\t\t\t\t<\/div>\n\t\t\t\t<div class=\"elementor-element elementor-element-62d6e56 elementor-widget elementor-widget-text-editor\" data-id=\"62d6e56\" data-element_type=\"widget\" data-widget_type=\"text-editor.default\">\n\t\t\t\t<div class=\"elementor-widget-container\">\n\t\t\t\t\t<div class=\"elementor-text-editor elementor-clearfix\"><div><div data-cols=\"1\" data-view1=\"1\" data-view2=\"1\" data-view3=\"1\" data-view4=\"1\"><div><div><strong>Verzi\u00f3<\/strong>:<\/div><p>v1.2.3<\/p><\/div><\/div><div data-cols=\"1\" data-view1=\"1\" data-view2=\"1\" data-view3=\"1\" data-view4=\"1\"><div><div><strong>Nome do ficheiro<\/strong>:<\/div><div><p>BatsiConfigurator v1.2.3.exe<\/p><\/div><\/div><\/div><\/div><div><div data-cols=\"1\" data-view1=\"1\" data-view2=\"1\" data-view3=\"1\" data-view4=\"1\"><div><div><b>Data de publica\u00e7\u00e3o<\/b>:<\/div><p>18\/02\/2022<\/p><\/div><\/div><div data-cols=\"1\" data-view1=\"1\" data-view2=\"1\" data-view3=\"1\" data-view4=\"1\"><div><div><strong>Tamanho do ficheiro<\/strong>:<\/div><div><p>83 KB<\/p><\/div><\/div><\/div><\/div><\/div>\n\t\t\t\t<\/div>\n\t\t\t\t<\/div>\n\t\t\t\t\t\t<\/div>\n\t\t\t<\/div>\n\t\t<\/div>\n\t\t\t\t<div class=\"elementor-element elementor-element-55df48a elementor-column elementor-col-25 elementor-inner-column\" data-id=\"55df48a\" data-element_type=\"column\">\n\t\t\t<div class=\"elementor-column-wrap  elementor-element-populated\">\n\t\t\t\t\t<div class=\"elementor-widget-wrap\">\n\t\t\t\t<div class=\"elementor-element elementor-element-a942ec2 elementor-widget elementor-widget-text-editor\" data-id=\"a942ec2\" data-element_type=\"widget\" data-widget_type=\"text-editor.default\">\n\t\t\t\t<div class=\"elementor-widget-container\">\n\t\t\t\t\t<div class=\"elementor-text-editor elementor-clearfix\"><h3>Requisitos de sistema<\/h3><\/div>\n\t\t\t\t<\/div>\n\t\t\t\t<\/div>\n\t\t\t\t<div class=\"elementor-element elementor-element-175f3d2 elementor-widget elementor-widget-text-editor\" data-id=\"175f3d2\" data-element_type=\"widget\" data-widget_type=\"text-editor.default\">\n\t\t\t\t<div class=\"elementor-widget-container\">\n\t\t\t\t\t<div class=\"elementor-text-editor elementor-clearfix\"><div data-cols=\"1\" data-view1=\"1\" data-view2=\"1\" data-view3=\"1\" data-view4=\"1\"><div><b>Sistema operativo suportado<\/b><\/div><p>Windows 7 Service Pack 1; Windows 8; Windows 8.1; Windows Server 2008 R2 SP1; Windows Server 2008 Service Pack 2; Windows Server 2012;\u00a0Windows Server 2012 R2; Windows Vista Service Pack 2.<\/p><p><strong><span style=\"font-size: 1rem;\">Requisitos de hardware<\/span><\/strong><\/p><ul><li><span style=\"font-size: 1rem;\">Procesador de 1 GHz ou superior<\/span><\/li><li>512 MB de RAM<\/li><li>4,5 GB de espa\u00e7o na unidade de disco r\u00edgido<\/li><\/ul><\/div><\/div>\n\t\t\t\t<\/div>\n\t\t\t\t<\/div>\n\t\t\t\t\t\t<\/div>\n\t\t\t<\/div>\n\t\t<\/div>\n\t\t\t\t<div class=\"elementor-element elementor-element-f1d7457 elementor-column elementor-col-25 elementor-inner-column\" data-id=\"f1d7457\" data-element_type=\"column\">\n\t\t\t<div class=\"elementor-column-wrap  elementor-element-populated\">\n\t\t\t\t\t<div class=\"elementor-widget-wrap\">\n\t\t\t\t<div class=\"elementor-element elementor-element-0fd19fb elementor-widget elementor-widget-text-editor\" data-id=\"0fd19fb\" data-element_type=\"widget\" data-widget_type=\"text-editor.default\">\n\t\t\t\t<div class=\"elementor-widget-container\">\n\t\t\t\t\t<div class=\"elementor-text-editor elementor-clearfix\"><h3>Instru\u00e7\u00f5es de instala\u00e7\u00e3o<\/h3><\/div>\n\t\t\t\t<\/div>\n\t\t\t\t<\/div>\n\t\t\t\t<div class=\"elementor-element elementor-element-b8b3488 elementor-widget elementor-widget-text-editor\" data-id=\"b8b3488\" data-element_type=\"widget\" data-widget_type=\"text-editor.default\">\n\t\t\t\t<div class=\"elementor-widget-container\">\n\t\t\t\t\t<div class=\"elementor-text-editor elementor-clearfix\"><div class=\"span bp0-col-1-1 bp3-col-5-3 bp1-col-5-3 bp2-col-5-3\"><div class=\"row-fluid no-margin-row\" data-cols=\"1\" data-view1=\"1\" data-view2=\"1\" data-view3=\"1\" data-view4=\"1\"><div class=\"span bp0-col-1-1 bp1-col-1-1 bp2-col-1-1 bp3-col-1-1\"><div class=\"header\"><p>Descarregar a pasta zipada a partir do link fornecido. Extrair o ficheiro \u00fanico no interior e guard\u00e1-lo no ambiente de trabalho do computador a partir do qual a configura\u00e7\u00e3o ser\u00e1 efectuada. Executar o software e seguir as instru\u00e7\u00f5es fornecidas no manual do utilizador.<\/p><\/div><\/div><\/div><\/div><\/div>\n\t\t\t\t<\/div>\n\t\t\t\t<\/div>\n\t\t\t\t\t\t<\/div>\n\t\t\t<\/div>\n\t\t<\/div>\n\t\t\t\t<div class=\"elementor-element elementor-element-0b226a0 elementor-column elementor-col-25 elementor-inner-column\" data-id=\"0b226a0\" data-element_type=\"column\">\n\t\t\t<div class=\"elementor-column-wrap  elementor-element-populated\">\n\t\t\t\t\t<div class=\"elementor-widget-wrap\">\n\t\t\t\t<div class=\"elementor-element elementor-element-25f2aab elementor-widget elementor-widget-text-editor\" data-id=\"25f2aab\" data-element_type=\"widget\" data-widget_type=\"text-editor.default\">\n\t\t\t\t<div class=\"elementor-widget-container\">\n\t\t\t\t\t<div class=\"elementor-text-editor elementor-clearfix\"><h3>Instru\u00e7\u00f5es de utiliza\u00e7\u00e3o<\/h3><\/div>\n\t\t\t\t<\/div>\n\t\t\t\t<\/div>\n\t\t\t\t<div class=\"elementor-element elementor-element-f4bfc56 elementor-widget elementor-widget-text-editor\" data-id=\"f4bfc56\" data-element_type=\"widget\" data-widget_type=\"text-editor.default\">\n\t\t\t\t<div class=\"elementor-widget-container\">\n\t\t\t\t\t<div class=\"elementor-text-editor elementor-clearfix\"><p style=\"text-align: left;\">Descarregue aqui o manual da s\u00e9rie EP com instru\u00e7\u00f5es sobre como configurar o seu dispositivo atrav\u00e9s do software BatsiConfigurator.<\/p><\/div>\n\t\t\t\t<\/div>\n\t\t\t\t<\/div>\n\t\t\t\t<div class=\"elementor-element elementor-element-c53a166 elementor-align-center elementor-widget elementor-widget-button\" data-id=\"c53a166\" data-element_type=\"widget\" data-widget_type=\"button.default\">\n\t\t\t\t<div class=\"elementor-widget-container\">\n\t\t\t\t\t<div class=\"elementor-button-wrapper\">\n\t\t\t<a href=\"https:\/\/batsi.eu\/wp-content\/uploads\/2022\/02\/ES_Manual_de_usuario_EP_2022.pdf\" class=\"elementor-button-link elementor-button elementor-size-sm\" role=\"button\">\n\t\t\t\t\t\t<span class=\"elementor-button-content-wrapper\">\n\t\t\t\t\t\t<span class=\"elementor-button-text\">Descarregar instru\u00e7\u00f5es<\/span>\n\t\t<\/span>\n\t\t\t\t\t<\/a>\n\t\t<\/div>\n\t\t\t\t<\/div>\n\t\t\t\t<\/div>\n\t\t\t\t\t\t<\/div>\n\t\t\t<\/div>\n\t\t<\/div>\n\t\t\t\t\t\t<\/div>\n\t\t\t<\/div>\n\t\t<\/section>\n\t\t\t\t\t\t<\/div>\n\t\t\t<\/div>\n\t\t<\/div>\n\t\t\t\t\t\t<\/div>\n\t\t\t<\/div>\n\t\t<\/section>\n\t\t\t\t<section class=\"elementor-element elementor-element-9acf2a6 elementor-section-boxed elementor-section-height-default elementor-section-height-default elementor-section elementor-top-section\" data-id=\"9acf2a6\" data-element_type=\"section\">\n\t\t\t\t\t\t<div class=\"elementor-container elementor-column-gap-default\">\n\t\t\t\t<div class=\"elementor-row\">\n\t\t\t\t<div class=\"elementor-element elementor-element-696765c elementor-column elementor-col-100 elementor-top-column\" data-id=\"696765c\" data-element_type=\"column\">\n\t\t\t<div class=\"elementor-column-wrap  elementor-element-populated\">\n\t\t\t\t\t<div class=\"elementor-widget-wrap\">\n\t\t\t\t<div class=\"elementor-element elementor-element-51e30f4 elementor-widget elementor-widget-text-editor\" data-id=\"51e30f4\" data-element_type=\"widget\" data-widget_type=\"text-editor.default\">\n\t\t\t\t<div class=\"elementor-widget-container\">\n\t\t\t\t\t<div class=\"elementor-text-editor elementor-clearfix\"><h3>Equipamento compat\u00edvel<\/h3><\/div>\n\t\t\t\t<\/div>\n\t\t\t\t<\/div>\n\t\t\t\t<section class=\"elementor-element elementor-element-e87596a elementor-section-boxed elementor-section-height-default elementor-section-height-default elementor-section elementor-inner-section\" data-id=\"e87596a\" data-element_type=\"section\">\n\t\t\t\t\t\t<div class=\"elementor-container elementor-column-gap-default\">\n\t\t\t\t<div class=\"elementor-row\">\n\t\t\t\t<div class=\"elementor-element elementor-element-85db539 elementor-column elementor-col-33 elementor-inner-column\" data-id=\"85db539\" data-element_type=\"column\">\n\t\t\t<div class=\"elementor-column-wrap  elementor-element-populated\">\n\t\t\t\t\t<div class=\"elementor-widget-wrap\">\n\t\t\t\t<div class=\"elementor-element elementor-element-12fdabb elementor-widget elementor-widget-image\" data-id=\"12fdabb\" data-element_type=\"widget\" data-widget_type=\"image.default\">\n\t\t\t\t<div class=\"elementor-widget-container\">\n\t\t\t\t\t<div class=\"elementor-image\">\n\t\t\t\t\t\t\t\t\t\t\t<a href=\"https:\/\/batsi.eu\/pt-pt\/producto\/ep112p\/\">\n\t\t\t\t\t\t\t<img loading=\"lazy\" decoding=\"async\" width=\"300\" height=\"300\" src=\"https:\/\/batsi.eu\/wp-content\/uploads\/2022\/02\/EP112P_w-1-e1646051936877-300x300.png\" class=\"attachment-medium size-medium\" alt=\"EP112P\" srcset=\"https:\/\/batsi.eu\/wp-content\/uploads\/2022\/02\/EP112P_w-1-e1646051936877-300x300.png 300w, https:\/\/batsi.eu\/wp-content\/uploads\/2022\/02\/EP112P_w-1-e1646051936877-150x150.png 150w, https:\/\/batsi.eu\/wp-content\/uploads\/2022\/02\/EP112P_w-1-e1646051936877.png 600w\" sizes=\"(max-width: 300px) 100vw, 300px\" \/>\t\t\t\t\t\t\t\t<\/a>\n\t\t\t\t\t\t\t\t\t\t\t<\/div>\n\t\t\t\t<\/div>\n\t\t\t\t<\/div>\n\t\t\t\t<div class=\"elementor-element elementor-element-7b100e2 elementor-widget elementor-widget-text-editor\" data-id=\"7b100e2\" data-element_type=\"widget\" data-widget_type=\"text-editor.default\">\n\t\t\t\t<div class=\"elementor-widget-container\">\n\t\t\t\t\t<div class=\"elementor-text-editor elementor-clearfix\"><h5 style=\"text-align: center;\">EP112P<\/h5><\/div>\n\t\t\t\t<\/div>\n\t\t\t\t<\/div>\n\t\t\t\t\t\t<\/div>\n\t\t\t<\/div>\n\t\t<\/div>\n\t\t\t\t<div class=\"elementor-element elementor-element-4730bbf elementor-column elementor-col-33 elementor-inner-column\" data-id=\"4730bbf\" data-element_type=\"column\">\n\t\t\t<div class=\"elementor-column-wrap  elementor-element-populated\">\n\t\t\t\t\t<div class=\"elementor-widget-wrap\">\n\t\t\t\t<div class=\"elementor-element elementor-element-399be8f elementor-widget elementor-widget-image\" data-id=\"399be8f\" data-element_type=\"widget\" data-widget_type=\"image.default\">\n\t\t\t\t<div class=\"elementor-widget-container\">\n\t\t\t\t\t<div class=\"elementor-image\">\n\t\t\t\t\t\t\t\t\t\t<img loading=\"lazy\" decoding=\"async\" width=\"300\" height=\"300\" src=\"https:\/\/batsi.eu\/wp-content\/uploads\/2022\/02\/EP212J_w-e1646051958268-300x300.png\" class=\"attachment-medium size-medium\" alt=\"EP212J\" srcset=\"https:\/\/batsi.eu\/wp-content\/uploads\/2022\/02\/EP212J_w-e1646051958268-300x300.png 300w, https:\/\/batsi.eu\/wp-content\/uploads\/2022\/02\/EP212J_w-e1646051958268-1024x1024.png 1024w, https:\/\/batsi.eu\/wp-content\/uploads\/2022\/02\/EP212J_w-e1646051958268-150x150.png 150w, https:\/\/batsi.eu\/wp-content\/uploads\/2022\/02\/EP212J_w-e1646051958268-768x768.png 768w\" sizes=\"(max-width: 300px) 100vw, 300px\" \/>\t\t\t\t\t\t\t\t\t\t\t<\/div>\n\t\t\t\t<\/div>\n\t\t\t\t<\/div>\n\t\t\t\t<div class=\"elementor-element elementor-element-6873fa2 elementor-widget elementor-widget-text-editor\" data-id=\"6873fa2\" data-element_type=\"widget\" data-widget_type=\"text-editor.default\">\n\t\t\t\t<div class=\"elementor-widget-container\">\n\t\t\t\t\t<div class=\"elementor-text-editor elementor-clearfix\"><h5 style=\"text-align: center;\">EP212J<\/h5><\/div>\n\t\t\t\t<\/div>\n\t\t\t\t<\/div>\n\t\t\t\t\t\t<\/div>\n\t\t\t<\/div>\n\t\t<\/div>\n\t\t\t\t<div class=\"elementor-element elementor-element-92fe795 elementor-column elementor-col-33 elementor-inner-column\" data-id=\"92fe795\" data-element_type=\"column\">\n\t\t\t<div class=\"elementor-column-wrap  elementor-element-populated\">\n\t\t\t\t\t<div class=\"elementor-widget-wrap\">\n\t\t\t\t<div class=\"elementor-element elementor-element-a251345 elementor-widget elementor-widget-image\" data-id=\"a251345\" data-element_type=\"widget\" data-widget_type=\"image.default\">\n\t\t\t\t<div class=\"elementor-widget-container\">\n\t\t\t\t\t<div class=\"elementor-image\">\n\t\t\t\t\t\t\t\t\t\t<img loading=\"lazy\" decoding=\"async\" width=\"300\" height=\"200\" src=\"https:\/\/batsi.eu\/wp-content\/uploads\/2022\/02\/EP412J_w-e1646052009689-300x200.png\" class=\"attachment-medium size-medium\" alt=\"EP412J\" srcset=\"https:\/\/batsi.eu\/wp-content\/uploads\/2022\/02\/EP412J_w-e1646052009689-300x200.png 300w, https:\/\/batsi.eu\/wp-content\/uploads\/2022\/02\/EP412J_w-e1646052009689-1024x683.png 1024w, https:\/\/batsi.eu\/wp-content\/uploads\/2022\/02\/EP412J_w-e1646052009689-768x512.png 768w, https:\/\/batsi.eu\/wp-content\/uploads\/2022\/02\/EP412J_w-e1646052009689-1536x1025.png 1536w, https:\/\/batsi.eu\/wp-content\/uploads\/2022\/02\/EP412J_w-e1646052009689.png 1673w\" sizes=\"(max-width: 300px) 100vw, 300px\" \/>\t\t\t\t\t\t\t\t\t\t\t<\/div>\n\t\t\t\t<\/div>\n\t\t\t\t<\/div>\n\t\t\t\t<div class=\"elementor-element elementor-element-a79b452 elementor-widget elementor-widget-text-editor\" data-id=\"a79b452\" data-element_type=\"widget\" data-widget_type=\"text-editor.default\">\n\t\t\t\t<div class=\"elementor-widget-container\">\n\t\t\t\t\t<div class=\"elementor-text-editor elementor-clearfix\"><h5 style=\"text-align: center;\">EP412J<\/h5><\/div>\n\t\t\t\t<\/div>\n\t\t\t\t<\/div>\n\t\t\t\t\t\t<\/div>\n\t\t\t<\/div>\n\t\t<\/div>\n\t\t\t\t\t\t<\/div>\n\t\t\t<\/div>\n\t\t<\/section>\n\t\t\t\t\t\t<\/div>\n\t\t\t<\/div>\n\t\t<\/div>\n\t\t\t\t\t\t<\/div>\n\t\t\t<\/div>\n\t\t<\/section>\n\t\t\t\t\t\t<\/div>\n\t\t\t<\/div>\n\t\t<\/div>\n\t\t","protected":false},"excerpt":{"rendered":"<p>A forma mais f\u00e1cil de adaptar a s\u00e9rie EP \u00e0s suas necessidades. Descarregue aqui com seguran\u00e7a o software BatsiConfigurator para configurar o seu EP112P, EP212J ou EP412J. Descarregar BatsiConfigurator Detalhes Verzi\u00f3: v1.2.3 Nome do ficheiro: BatsiConfigurator v1.2.3.exe Data de publica\u00e7\u00e3o: 18\/02\/2022 Tamanho do ficheiro: 83 KB Requisitos de sistema Sistema operativo suportado Windows 7 Service [&hellip;]<\/p>\n","protected":false},"author":2,"featured_media":3169,"parent":0,"menu_order":0,"comment_status":"closed","ping_status":"closed","template":"elementor_header_footer","meta":{"footnotes":""},"yoast_head":"<!-- This site is optimized with the Yoast SEO plugin v15.2.1 - https:\/\/yoast.com\/wordpress\/plugins\/seo\/ -->\n<title>BatsiConfigurator - Batsi<\/title>\n<meta name=\"description\" content=\"Descarregar software de configura\u00e7\u00e3o para controladores proporcionais.\" \/>\n<meta name=\"robots\" content=\"index, follow, max-snippet:-1, max-image-preview:large, max-video-preview:-1\" \/>\n<link rel=\"canonical\" href=\"https:\/\/batsi.eu\/batsiconfigurator-pt\/\" \/>\n<meta property=\"og:locale\" content=\"es_ES\" \/>\n<meta property=\"og:type\" content=\"article\" \/>\n<meta property=\"og:title\" content=\"BatsiConfigurator - Batsi\" \/>\n<meta property=\"og:description\" content=\"Descarregar software de configura\u00e7\u00e3o para controladores proporcionais.\" \/>\n<meta property=\"og:url\" content=\"https:\/\/batsi.eu\/pt-pt\/batsiconfigurator-pt\/\" \/>\n<meta property=\"og:site_name\" content=\"Batsi\" \/>\n<meta property=\"article:publisher\" content=\"https:\/\/www.facebook.com\/batsi.electronics\" \/>\n<meta property=\"article:modified_time\" content=\"2022-03-03T16:38:26+00:00\" \/>\n<meta property=\"og:image\" content=\"https:\/\/batsi.eu\/wp-content\/uploads\/2022\/02\/SERIE-EP-Control-de-va\u0301lvulas-proporcionales-2.png\" \/>\n\t<meta property=\"og:image:width\" content=\"1200\" \/>\n\t<meta property=\"og:image:height\" content=\"600\" \/>\n<meta name=\"twitter:card\" content=\"summary_large_image\" \/>\n<meta name=\"twitter:label1\" content=\"Escrito por\">\n\t<meta name=\"twitter:data1\" content=\"Batsi\">\n\t<meta name=\"twitter:label2\" content=\"Tiempo de lectura\">\n\t<meta name=\"twitter:data2\" content=\"1 minuto\">\n<script type=\"application\/ld+json\" class=\"yoast-schema-graph\">{\"@context\":\"https:\/\/schema.org\",\"@graph\":[{\"@type\":\"WebSite\",\"@id\":\"https:\/\/batsi.eu\/#website\",\"url\":\"https:\/\/batsi.eu\/\",\"name\":\"Batsi\",\"description\":\"\",\"potentialAction\":[{\"@type\":\"SearchAction\",\"target\":\"https:\/\/batsi.eu\/?s={search_term_string}\",\"query-input\":\"required name=search_term_string\"}],\"inLanguage\":\"es\"},{\"@type\":\"ImageObject\",\"@id\":\"https:\/\/batsi.eu\/pt-pt\/batsiconfigurator-pt\/#primaryimage\",\"inLanguage\":\"es\",\"url\":\"https:\/\/batsi.eu\/wp-content\/uploads\/2022\/02\/SERIE-EP-Control-de-va\\u0301lvulas-proporcionales-2.png\",\"width\":1200,\"height\":600,\"caption\":\"Software BatsiConfigurator paraSERIE EP Control de va\\u0301lvulas proporcionales\"},{\"@type\":\"WebPage\",\"@id\":\"https:\/\/batsi.eu\/pt-pt\/batsiconfigurator-pt\/#webpage\",\"url\":\"https:\/\/batsi.eu\/pt-pt\/batsiconfigurator-pt\/\",\"name\":\"BatsiConfigurator - Batsi\",\"isPartOf\":{\"@id\":\"https:\/\/batsi.eu\/#website\"},\"primaryImageOfPage\":{\"@id\":\"https:\/\/batsi.eu\/pt-pt\/batsiconfigurator-pt\/#primaryimage\"},\"datePublished\":\"2022-03-03T16:37:27+00:00\",\"dateModified\":\"2022-03-03T16:38:26+00:00\",\"description\":\"Descarregar software de configura\\u00e7\\u00e3o para controladores proporcionais.\",\"inLanguage\":\"es\",\"potentialAction\":[{\"@type\":\"ReadAction\",\"target\":[\"https:\/\/batsi.eu\/pt-pt\/batsiconfigurator-pt\/\"]}]}]}<\/script>\n<!-- \/ Yoast SEO plugin. -->","_links":{"self":[{"href":"https:\/\/batsi.eu\/pt-pt\/wp-json\/wp\/v2\/pages\/3290\/"}],"collection":[{"href":"https:\/\/batsi.eu\/pt-pt\/wp-json\/wp\/v2\/pages\/"}],"about":[{"href":"https:\/\/batsi.eu\/pt-pt\/wp-json\/wp\/v2\/types\/page\/"}],"author":[{"embeddable":true,"href":"https:\/\/batsi.eu\/pt-pt\/wp-json\/wp\/v2\/users\/2\/"}],"replies":[{"embeddable":true,"href":"https:\/\/batsi.eu\/pt-pt\/wp-json\/wp\/v2\/comments\/?post=3290"}],"version-history":[{"count":3,"href":"https:\/\/batsi.eu\/pt-pt\/wp-json\/wp\/v2\/pages\/3290\/revisions\/"}],"predecessor-version":[{"id":3293,"href":"https:\/\/batsi.eu\/pt-pt\/wp-json\/wp\/v2\/pages\/3290\/revisions\/3293\/"}],"wp:featuredmedia":[{"embeddable":true,"href":"https:\/\/batsi.eu\/pt-pt\/wp-json\/wp\/v2\/media\/3169\/"}],"wp:attachment":[{"href":"https:\/\/batsi.eu\/pt-pt\/wp-json\/wp\/v2\/media\/?parent=3290"}],"curies":[{"name":"wp","href":"https:\/\/api.w.org\/{rel}","templated":true}]}}