{"id":3147,"date":"2022-03-03T18:54:17","date_gmt":"2022-03-03T17:54:17","guid":{"rendered":"https:\/\/batsi.eu\/?page_id=3147"},"modified":"2022-03-14T11:08:25","modified_gmt":"2022-03-14T10:08:25","slug":"batsiconfigurator-pl","status":"publish","type":"page","link":"https:\/\/batsi.eu\/pl\/batsiconfigurator-pl\/","title":{"rendered":"BatsiConfigurator"},"content":{"rendered":"\t\t<div data-elementor-type=\"wp-page\" data-elementor-id=\"3147\" class=\"elementor elementor-3147\" data-elementor-settings=\"[]\">\n\t\t\t<div class=\"elementor-inner\">\n\t\t\t\t<div class=\"elementor-section-wrap\">\n\t\t\t\t\t\t\t<section class=\"elementor-element elementor-element-70c6557 elementor-section-full_width content-section elementor-section-height-default elementor-section-height-default elementor-section elementor-top-section\" data-id=\"70c6557\" data-element_type=\"section\" data-settings=\"{&quot;background_background&quot;:&quot;classic&quot;}\">\n\t\t\t\t\t\t<div class=\"elementor-container elementor-column-gap-default\">\n\t\t\t\t<div class=\"elementor-row\">\n\t\t\t\t<div class=\"elementor-element elementor-element-60edd8a elementor-column elementor-col-100 elementor-top-column\" data-id=\"60edd8a\" data-element_type=\"column\">\n\t\t\t<div class=\"elementor-column-wrap  elementor-element-populated\">\n\t\t\t\t\t<div class=\"elementor-widget-wrap\">\n\t\t\t\t<div class=\"elementor-element elementor-element-5cd8da9 elementor-widget elementor-widget-image\" data-id=\"5cd8da9\" data-element_type=\"widget\" data-widget_type=\"image.default\">\n\t\t\t\t<div class=\"elementor-widget-container\">\n\t\t\t\t\t<div class=\"elementor-image\">\n\t\t\t\t\t\t\t\t\t\t<img loading=\"lazy\" decoding=\"async\" width=\"6000\" height=\"3000\" src=\"https:\/\/batsi.eu\/wp-content\/uploads\/2022\/02\/SERIE-EP-Control-de-va\u0301lvulas-proporcionales-4.png\" class=\"attachment-full size-full\" alt=\"\" srcset=\"https:\/\/batsi.eu\/wp-content\/uploads\/2022\/02\/SERIE-EP-Control-de-va\u0301lvulas-proporcionales-4.png 6000w, https:\/\/batsi.eu\/wp-content\/uploads\/2022\/02\/SERIE-EP-Control-de-va\u0301lvulas-proporcionales-4-300x150.png 300w, https:\/\/batsi.eu\/wp-content\/uploads\/2022\/02\/SERIE-EP-Control-de-va\u0301lvulas-proporcionales-4-1024x512.png 1024w, https:\/\/batsi.eu\/wp-content\/uploads\/2022\/02\/SERIE-EP-Control-de-va\u0301lvulas-proporcionales-4-768x384.png 768w, https:\/\/batsi.eu\/wp-content\/uploads\/2022\/02\/SERIE-EP-Control-de-va\u0301lvulas-proporcionales-4-1536x768.png 1536w, https:\/\/batsi.eu\/wp-content\/uploads\/2022\/02\/SERIE-EP-Control-de-va\u0301lvulas-proporcionales-4-2048x1024.png 2048w\" sizes=\"(max-width: 6000px) 100vw, 6000px\" \/>\t\t\t\t\t\t\t\t\t\t\t<\/div>\n\t\t\t\t<\/div>\n\t\t\t\t<\/div>\n\t\t\t\t\t\t<\/div>\n\t\t\t<\/div>\n\t\t<\/div>\n\t\t\t\t\t\t<\/div>\n\t\t\t<\/div>\n\t\t<\/section>\n\t\t\t\t<section class=\"elementor-element elementor-element-73c0c03 elementor-section-boxed elementor-section-height-default elementor-section-height-default elementor-section elementor-top-section\" data-id=\"73c0c03\" data-element_type=\"section\">\n\t\t\t\t\t\t<div class=\"elementor-container elementor-column-gap-default\">\n\t\t\t\t<div class=\"elementor-row\">\n\t\t\t\t<div class=\"elementor-element elementor-element-4ae6281 elementor-column elementor-col-100 elementor-top-column\" data-id=\"4ae6281\" data-element_type=\"column\">\n\t\t\t<div class=\"elementor-column-wrap  elementor-element-populated\">\n\t\t\t\t\t<div class=\"elementor-widget-wrap\">\n\t\t\t\t<div class=\"elementor-element elementor-element-d60d3fd elementor-widget elementor-widget-heading\" data-id=\"d60d3fd\" data-element_type=\"widget\" data-widget_type=\"heading.default\">\n\t\t\t\t<div class=\"elementor-widget-container\">\n\t\t\t<h2 class=\"elementor-heading-title elementor-size-default\">Naj\u0142atwiejszy spos\u00f3b dostosowania Serii EP do w\u0142asnych potrzeb.<\/h2>\t\t<\/div>\n\t\t\t\t<\/div>\n\t\t\t\t\t\t<\/div>\n\t\t\t<\/div>\n\t\t<\/div>\n\t\t\t\t\t\t<\/div>\n\t\t\t<\/div>\n\t\t<\/section>\n\t\t\t\t<section class=\"elementor-element elementor-element-2109291 elementor-section-height-min-height elementor-section-content-middle elementor-section-boxed elementor-section-height-default elementor-section-items-middle elementor-section elementor-top-section\" data-id=\"2109291\" data-element_type=\"section\">\n\t\t\t\t\t\t<div class=\"elementor-container elementor-column-gap-default\">\n\t\t\t\t<div class=\"elementor-row\">\n\t\t\t\t<div class=\"elementor-element elementor-element-01bf32b elementor-column elementor-col-50 elementor-top-column\" data-id=\"01bf32b\" data-element_type=\"column\" data-settings=\"{&quot;background_background&quot;:&quot;classic&quot;}\">\n\t\t\t<div class=\"elementor-column-wrap  elementor-element-populated\">\n\t\t\t\t\t<div class=\"elementor-widget-wrap\">\n\t\t\t\t<div class=\"elementor-element elementor-element-09c1e65 elementor-widget elementor-widget-text-editor\" data-id=\"09c1e65\" data-element_type=\"widget\" data-widget_type=\"text-editor.default\">\n\t\t\t\t<div class=\"elementor-widget-container\">\n\t\t\t\t\t<div class=\"elementor-text-editor elementor-clearfix\"><p style=\"text-align: left;\">Pobierz oprogramowanie BatsiConfigurator, aby skonfigurowa\u0107 urz\u0105dzenia <strong>EP112P<\/strong>, <strong>EP212J<\/strong> lub <strong>EP412J<\/strong>.<\/p><\/div>\n\t\t\t\t<\/div>\n\t\t\t\t<\/div>\n\t\t\t\t\t\t<\/div>\n\t\t\t<\/div>\n\t\t<\/div>\n\t\t\t\t<div class=\"elementor-element elementor-element-7720def elementor-column elementor-col-50 elementor-top-column\" data-id=\"7720def\" data-element_type=\"column\" data-settings=\"{&quot;background_background&quot;:&quot;classic&quot;}\">\n\t\t\t<div class=\"elementor-column-wrap  elementor-element-populated\">\n\t\t\t\t\t<div class=\"elementor-widget-wrap\">\n\t\t\t\t<div class=\"elementor-element elementor-element-95fd0fd elementor-align-center elementor-widget elementor-widget-button\" data-id=\"95fd0fd\" data-element_type=\"widget\" data-widget_type=\"button.default\">\n\t\t\t\t<div class=\"elementor-widget-container\">\n\t\t\t\t\t<div class=\"elementor-button-wrapper\">\n\t\t\t<a href=\"https:\/\/mega.nz\/file\/hgs1VIKa#CK8pRLWSq5oHIGo9TN7POLuCszv3S1NX7n5pXW2cnqI\" class=\"elementor-button-link elementor-button elementor-size-sm\" role=\"button\">\n\t\t\t\t\t\t<span class=\"elementor-button-content-wrapper\">\n\t\t\t\t\t\t<span class=\"elementor-button-text\">Pobierz BatsiConfigurator<\/span>\n\t\t<\/span>\n\t\t\t\t\t<\/a>\n\t\t<\/div>\n\t\t\t\t<\/div>\n\t\t\t\t<\/div>\n\t\t\t\t\t\t<\/div>\n\t\t\t<\/div>\n\t\t<\/div>\n\t\t\t\t\t\t<\/div>\n\t\t\t<\/div>\n\t\t<\/section>\n\t\t\t\t<section class=\"elementor-element elementor-element-42b8ab0 elementor-section-boxed elementor-section-height-default elementor-section-height-default elementor-section elementor-top-section\" data-id=\"42b8ab0\" data-element_type=\"section\">\n\t\t\t\t\t\t<div class=\"elementor-container elementor-column-gap-default\">\n\t\t\t\t<div class=\"elementor-row\">\n\t\t\t\t<div class=\"elementor-element elementor-element-31081c4 elementor-column elementor-col-100 elementor-top-column\" data-id=\"31081c4\" data-element_type=\"column\">\n\t\t\t<div class=\"elementor-column-wrap  elementor-element-populated\">\n\t\t\t\t\t<div class=\"elementor-widget-wrap\">\n\t\t\t\t<section class=\"elementor-element elementor-element-5b93125 elementor-section-boxed elementor-section-height-default elementor-section-height-default elementor-section elementor-inner-section\" data-id=\"5b93125\" data-element_type=\"section\">\n\t\t\t\t\t\t<div class=\"elementor-container elementor-column-gap-default\">\n\t\t\t\t<div class=\"elementor-row\">\n\t\t\t\t<div class=\"elementor-element elementor-element-b4d7b7b elementor-column elementor-col-25 elementor-inner-column\" data-id=\"b4d7b7b\" data-element_type=\"column\">\n\t\t\t<div class=\"elementor-column-wrap  elementor-element-populated\">\n\t\t\t\t\t<div class=\"elementor-widget-wrap\">\n\t\t\t\t<div class=\"elementor-element elementor-element-cf79ec4 elementor-widget elementor-widget-text-editor\" data-id=\"cf79ec4\" data-element_type=\"widget\" data-widget_type=\"text-editor.default\">\n\t\t\t\t<div class=\"elementor-widget-container\">\n\t\t\t\t\t<div class=\"elementor-text-editor elementor-clearfix\"><h3>Szczeg\u00f3\u0142y<\/h3><\/div>\n\t\t\t\t<\/div>\n\t\t\t\t<\/div>\n\t\t\t\t<div class=\"elementor-element elementor-element-df2eef4 elementor-widget elementor-widget-text-editor\" data-id=\"df2eef4\" data-element_type=\"widget\" data-widget_type=\"text-editor.default\">\n\t\t\t\t<div class=\"elementor-widget-container\">\n\t\t\t\t\t<div class=\"elementor-text-editor elementor-clearfix\"><div><div data-cols=\"1\" data-view1=\"1\" data-view2=\"1\" data-view3=\"1\" data-view4=\"1\"><div><div><strong>Wersja<\/strong>:<\/div><p>v1.2.3<\/p><\/div><\/div><div data-cols=\"1\" data-view1=\"1\" data-view2=\"1\" data-view3=\"1\" data-view4=\"1\"><div><div><b>Nazwa pliku<\/b>:<\/div><div><p>BatsiConfigurator v1.2.3.exe<\/p><\/div><\/div><\/div><\/div><div><div data-cols=\"1\" data-view1=\"1\" data-view2=\"1\" data-view3=\"1\" data-view4=\"1\"><div><div><strong>Dane wydania<\/strong>:<\/div><p>18\/02\/2022<\/p><\/div><\/div><div data-cols=\"1\" data-view1=\"1\" data-view2=\"1\" data-view3=\"1\" data-view4=\"1\"><div><div><strong>Rozmiar pliku<\/strong>:<\/div><div><p>83 KB<\/p><\/div><\/div><\/div><\/div><\/div>\n\t\t\t\t<\/div>\n\t\t\t\t<\/div>\n\t\t\t\t\t\t<\/div>\n\t\t\t<\/div>\n\t\t<\/div>\n\t\t\t\t<div class=\"elementor-element elementor-element-718da4c elementor-column elementor-col-25 elementor-inner-column\" data-id=\"718da4c\" data-element_type=\"column\">\n\t\t\t<div class=\"elementor-column-wrap  elementor-element-populated\">\n\t\t\t\t\t<div class=\"elementor-widget-wrap\">\n\t\t\t\t<div class=\"elementor-element elementor-element-29dbbf0 elementor-widget elementor-widget-text-editor\" data-id=\"29dbbf0\" data-element_type=\"widget\" data-widget_type=\"text-editor.default\">\n\t\t\t\t<div class=\"elementor-widget-container\">\n\t\t\t\t\t<div class=\"elementor-text-editor elementor-clearfix\"><h3>Wymagania systemowe<\/h3><\/div>\n\t\t\t\t<\/div>\n\t\t\t\t<\/div>\n\t\t\t\t<div class=\"elementor-element elementor-element-d419b71 elementor-widget elementor-widget-text-editor\" data-id=\"d419b71\" data-element_type=\"widget\" data-widget_type=\"text-editor.default\">\n\t\t\t\t<div class=\"elementor-widget-container\">\n\t\t\t\t\t<div class=\"elementor-text-editor elementor-clearfix\"><div data-cols=\"1\" data-view1=\"1\" data-view2=\"1\" data-view3=\"1\" data-view4=\"1\"><div><div class=\"supported-os\"><b class=\"\">Obs\u0142ugiwane systemy operacyjne<\/b><\/div><\/div><p>Windows 7 Service Pack 1; Windows 8; Windows 8.1; Windows Server 2008 R2 SP1; Windows Server 2008 Service Pack 2; Windows Server 2012;\u00a0Windows Server 2012 R2; Windows Vista Service Pack 2.<\/p><p><strong>Wymagania sprz\u0119towe<\/strong><\/p><ul><li><span style=\"font-size: 1rem;\">procesorem 1 GHz lub wy\u017cszej<\/span><\/li><li>512 MB pami\u0119\u0107<\/li><li>4,5 GB miejsce na dysku twardym<\/li><\/ul><\/div><\/div>\n\t\t\t\t<\/div>\n\t\t\t\t<\/div>\n\t\t\t\t\t\t<\/div>\n\t\t\t<\/div>\n\t\t<\/div>\n\t\t\t\t<div class=\"elementor-element elementor-element-3984538 elementor-column elementor-col-25 elementor-inner-column\" data-id=\"3984538\" data-element_type=\"column\">\n\t\t\t<div class=\"elementor-column-wrap  elementor-element-populated\">\n\t\t\t\t\t<div class=\"elementor-widget-wrap\">\n\t\t\t\t<div class=\"elementor-element elementor-element-3512a9b elementor-widget elementor-widget-text-editor\" data-id=\"3512a9b\" data-element_type=\"widget\" data-widget_type=\"text-editor.default\">\n\t\t\t\t<div class=\"elementor-widget-container\">\n\t\t\t\t\t<div class=\"elementor-text-editor elementor-clearfix\"><h3>Instrukcje instalacji<\/h3><\/div>\n\t\t\t\t<\/div>\n\t\t\t\t<\/div>\n\t\t\t\t<div class=\"elementor-element elementor-element-08fb680 elementor-widget elementor-widget-text-editor\" data-id=\"08fb680\" data-element_type=\"widget\" data-widget_type=\"text-editor.default\">\n\t\t\t\t<div class=\"elementor-widget-container\">\n\t\t\t\t\t<div class=\"elementor-text-editor elementor-clearfix\"><div class=\"span bp0-col-1-1 bp3-col-5-3 bp1-col-5-3 bp2-col-5-3\"><div class=\"row-fluid no-margin-row\" data-cols=\"1\" data-view1=\"1\" data-view2=\"1\" data-view3=\"1\" data-view4=\"1\"><div class=\"span bp0-col-1-1 bp1-col-1-1 bp2-col-1-1 bp3-col-1-1\"><div class=\"header\"><p>Pobierz skompresowany folder za po\u015brednictwem podanego \u0142\u0105cza. Wyodr\u0119bnij jedyny plik znajduj\u0105cy si\u0119 w folderze i zapisz go na pulpicie komputera. Uruchom oprogramowanie i post\u0119puj zgodnie z instrukcjami podanymi w podr\u0119czniku u\u017cytkownika.<\/p><\/div><\/div><\/div><\/div><\/div>\n\t\t\t\t<\/div>\n\t\t\t\t<\/div>\n\t\t\t\t\t\t<\/div>\n\t\t\t<\/div>\n\t\t<\/div>\n\t\t\t\t<div class=\"elementor-element elementor-element-33014e1 elementor-column elementor-col-25 elementor-inner-column\" data-id=\"33014e1\" data-element_type=\"column\">\n\t\t\t<div class=\"elementor-column-wrap  elementor-element-populated\">\n\t\t\t\t\t<div class=\"elementor-widget-wrap\">\n\t\t\t\t<div class=\"elementor-element elementor-element-2062ee3 elementor-widget elementor-widget-text-editor\" data-id=\"2062ee3\" data-element_type=\"widget\" data-widget_type=\"text-editor.default\">\n\t\t\t\t<div class=\"elementor-widget-container\">\n\t\t\t\t\t<div class=\"elementor-text-editor elementor-clearfix\"><h3>Podr\u0119cznik u\u017cytkownika<\/h3><\/div>\n\t\t\t\t<\/div>\n\t\t\t\t<\/div>\n\t\t\t\t<div class=\"elementor-element elementor-element-1c88141 elementor-widget elementor-widget-text-editor\" data-id=\"1c88141\" data-element_type=\"widget\" data-widget_type=\"text-editor.default\">\n\t\t\t\t<div class=\"elementor-widget-container\">\n\t\t\t\t\t<div class=\"elementor-text-editor elementor-clearfix\"><p style=\"text-align: left;\">Pobierz tutaj instrukcj\u0119 obs\u0142ugi serii EP, kt\u00f3ra zawiera wskaz\u00f3wki dotycz\u0105ce konfiguracji regulatora proporcjonalnego za pomoc\u0105 oprogramowania BatsiConfigurator.<\/p><\/div>\n\t\t\t\t<\/div>\n\t\t\t\t<\/div>\n\t\t\t\t<div class=\"elementor-element elementor-element-291d182 elementor-align-center elementor-widget elementor-widget-button\" data-id=\"291d182\" data-element_type=\"widget\" data-widget_type=\"button.default\">\n\t\t\t\t<div class=\"elementor-widget-container\">\n\t\t\t\t\t<div class=\"elementor-button-wrapper\">\n\t\t\t<a href=\"https:\/\/batsi.eu\/wp-content\/uploads\/2022\/03\/EN_User-Manual_EP-series_2022.pdf\" class=\"elementor-button-link elementor-button elementor-size-sm\" role=\"button\">\n\t\t\t\t\t\t<span class=\"elementor-button-content-wrapper\">\n\t\t\t\t\t\t<span class=\"elementor-button-text\">Pobierz podr\u0119cznik<\/span>\n\t\t<\/span>\n\t\t\t\t\t<\/a>\n\t\t<\/div>\n\t\t\t\t<\/div>\n\t\t\t\t<\/div>\n\t\t\t\t\t\t<\/div>\n\t\t\t<\/div>\n\t\t<\/div>\n\t\t\t\t\t\t<\/div>\n\t\t\t<\/div>\n\t\t<\/section>\n\t\t\t\t\t\t<\/div>\n\t\t\t<\/div>\n\t\t<\/div>\n\t\t\t\t\t\t<\/div>\n\t\t\t<\/div>\n\t\t<\/section>\n\t\t\t\t<section class=\"elementor-element elementor-element-c7fedc8 elementor-section-boxed elementor-section-height-default elementor-section-height-default elementor-section elementor-top-section\" data-id=\"c7fedc8\" data-element_type=\"section\">\n\t\t\t\t\t\t<div class=\"elementor-container elementor-column-gap-default\">\n\t\t\t\t<div class=\"elementor-row\">\n\t\t\t\t<div class=\"elementor-element elementor-element-9c74d7e elementor-column elementor-col-100 elementor-top-column\" data-id=\"9c74d7e\" data-element_type=\"column\">\n\t\t\t<div class=\"elementor-column-wrap  elementor-element-populated\">\n\t\t\t\t\t<div class=\"elementor-widget-wrap\">\n\t\t\t\t<div class=\"elementor-element elementor-element-2c4c26e elementor-widget elementor-widget-text-editor\" data-id=\"2c4c26e\" data-element_type=\"widget\" data-widget_type=\"text-editor.default\">\n\t\t\t\t<div class=\"elementor-widget-container\">\n\t\t\t\t\t<div class=\"elementor-text-editor elementor-clearfix\"><h3>Zgodne urz\u0105dzenia<\/h3><\/div>\n\t\t\t\t<\/div>\n\t\t\t\t<\/div>\n\t\t\t\t<section class=\"elementor-element elementor-element-56c1dfc elementor-section-boxed elementor-section-height-default elementor-section-height-default elementor-section elementor-inner-section\" data-id=\"56c1dfc\" data-element_type=\"section\">\n\t\t\t\t\t\t<div class=\"elementor-container elementor-column-gap-default\">\n\t\t\t\t<div class=\"elementor-row\">\n\t\t\t\t<div class=\"elementor-element elementor-element-c4f9d57 elementor-column elementor-col-33 elementor-inner-column\" data-id=\"c4f9d57\" data-element_type=\"column\">\n\t\t\t<div class=\"elementor-column-wrap  elementor-element-populated\">\n\t\t\t\t\t<div class=\"elementor-widget-wrap\">\n\t\t\t\t<div class=\"elementor-element elementor-element-61b939e elementor-widget elementor-widget-image\" data-id=\"61b939e\" data-element_type=\"widget\" data-widget_type=\"image.default\">\n\t\t\t\t<div class=\"elementor-widget-container\">\n\t\t\t\t\t<div class=\"elementor-image\">\n\t\t\t\t\t\t\t\t\t\t\t<a href=\"https:\/\/batsi.eu\/pl\/producto\/ep112p\/\">\n\t\t\t\t\t\t\t<img loading=\"lazy\" decoding=\"async\" width=\"300\" height=\"300\" src=\"https:\/\/batsi.eu\/wp-content\/uploads\/2022\/02\/EP112P_w-1-e1646051936877-300x300.png\" class=\"attachment-medium size-medium\" alt=\"EP112P\" srcset=\"https:\/\/batsi.eu\/wp-content\/uploads\/2022\/02\/EP112P_w-1-e1646051936877-300x300.png 300w, https:\/\/batsi.eu\/wp-content\/uploads\/2022\/02\/EP112P_w-1-e1646051936877-150x150.png 150w, https:\/\/batsi.eu\/wp-content\/uploads\/2022\/02\/EP112P_w-1-e1646051936877.png 600w\" sizes=\"(max-width: 300px) 100vw, 300px\" \/>\t\t\t\t\t\t\t\t<\/a>\n\t\t\t\t\t\t\t\t\t\t\t<\/div>\n\t\t\t\t<\/div>\n\t\t\t\t<\/div>\n\t\t\t\t<div class=\"elementor-element elementor-element-eacdfa9 elementor-widget elementor-widget-text-editor\" data-id=\"eacdfa9\" data-element_type=\"widget\" data-widget_type=\"text-editor.default\">\n\t\t\t\t<div class=\"elementor-widget-container\">\n\t\t\t\t\t<div class=\"elementor-text-editor elementor-clearfix\"><h5 style=\"text-align: center;\">EP112P<\/h5><\/div>\n\t\t\t\t<\/div>\n\t\t\t\t<\/div>\n\t\t\t\t\t\t<\/div>\n\t\t\t<\/div>\n\t\t<\/div>\n\t\t\t\t<div class=\"elementor-element elementor-element-201db95 elementor-column elementor-col-33 elementor-inner-column\" data-id=\"201db95\" data-element_type=\"column\">\n\t\t\t<div class=\"elementor-column-wrap  elementor-element-populated\">\n\t\t\t\t\t<div class=\"elementor-widget-wrap\">\n\t\t\t\t<div class=\"elementor-element elementor-element-b9b740e elementor-widget elementor-widget-image\" data-id=\"b9b740e\" data-element_type=\"widget\" data-widget_type=\"image.default\">\n\t\t\t\t<div class=\"elementor-widget-container\">\n\t\t\t\t\t<div class=\"elementor-image\">\n\t\t\t\t\t\t\t\t\t\t\t<a href=\"https:\/\/batsi.eu\/pl\/producto\/ep212j\/\">\n\t\t\t\t\t\t\t<img loading=\"lazy\" decoding=\"async\" width=\"300\" height=\"300\" src=\"https:\/\/batsi.eu\/wp-content\/uploads\/2022\/02\/EP212J_w-e1646051958268-300x300.png\" class=\"attachment-medium size-medium\" alt=\"EP212J\" srcset=\"https:\/\/batsi.eu\/wp-content\/uploads\/2022\/02\/EP212J_w-e1646051958268-300x300.png 300w, https:\/\/batsi.eu\/wp-content\/uploads\/2022\/02\/EP212J_w-e1646051958268-1024x1024.png 1024w, https:\/\/batsi.eu\/wp-content\/uploads\/2022\/02\/EP212J_w-e1646051958268-150x150.png 150w, https:\/\/batsi.eu\/wp-content\/uploads\/2022\/02\/EP212J_w-e1646051958268-768x768.png 768w\" sizes=\"(max-width: 300px) 100vw, 300px\" \/>\t\t\t\t\t\t\t\t<\/a>\n\t\t\t\t\t\t\t\t\t\t\t<\/div>\n\t\t\t\t<\/div>\n\t\t\t\t<\/div>\n\t\t\t\t<div class=\"elementor-element elementor-element-a7bf567 elementor-widget elementor-widget-text-editor\" data-id=\"a7bf567\" data-element_type=\"widget\" data-widget_type=\"text-editor.default\">\n\t\t\t\t<div class=\"elementor-widget-container\">\n\t\t\t\t\t<div class=\"elementor-text-editor elementor-clearfix\"><h5 style=\"text-align: center;\">EP212J<\/h5><\/div>\n\t\t\t\t<\/div>\n\t\t\t\t<\/div>\n\t\t\t\t\t\t<\/div>\n\t\t\t<\/div>\n\t\t<\/div>\n\t\t\t\t<div class=\"elementor-element elementor-element-fe801bc elementor-column elementor-col-33 elementor-inner-column\" data-id=\"fe801bc\" data-element_type=\"column\">\n\t\t\t<div class=\"elementor-column-wrap  elementor-element-populated\">\n\t\t\t\t\t<div class=\"elementor-widget-wrap\">\n\t\t\t\t<div class=\"elementor-element elementor-element-008eaad elementor-widget elementor-widget-image\" data-id=\"008eaad\" data-element_type=\"widget\" data-widget_type=\"image.default\">\n\t\t\t\t<div class=\"elementor-widget-container\">\n\t\t\t\t\t<div class=\"elementor-image\">\n\t\t\t\t\t\t\t\t\t\t\t<a href=\"https:\/\/batsi.eu\/pl\/producto\/ep412j\/\">\n\t\t\t\t\t\t\t<img loading=\"lazy\" decoding=\"async\" width=\"300\" height=\"200\" src=\"https:\/\/batsi.eu\/wp-content\/uploads\/2022\/02\/EP412J_w-e1646052009689-300x200.png\" class=\"attachment-medium size-medium\" alt=\"EP412J\" srcset=\"https:\/\/batsi.eu\/wp-content\/uploads\/2022\/02\/EP412J_w-e1646052009689-300x200.png 300w, https:\/\/batsi.eu\/wp-content\/uploads\/2022\/02\/EP412J_w-e1646052009689-1024x683.png 1024w, https:\/\/batsi.eu\/wp-content\/uploads\/2022\/02\/EP412J_w-e1646052009689-768x512.png 768w, https:\/\/batsi.eu\/wp-content\/uploads\/2022\/02\/EP412J_w-e1646052009689-1536x1025.png 1536w, https:\/\/batsi.eu\/wp-content\/uploads\/2022\/02\/EP412J_w-e1646052009689.png 1673w\" sizes=\"(max-width: 300px) 100vw, 300px\" \/>\t\t\t\t\t\t\t\t<\/a>\n\t\t\t\t\t\t\t\t\t\t\t<\/div>\n\t\t\t\t<\/div>\n\t\t\t\t<\/div>\n\t\t\t\t<div class=\"elementor-element elementor-element-cf1b0ad elementor-widget elementor-widget-text-editor\" data-id=\"cf1b0ad\" data-element_type=\"widget\" data-widget_type=\"text-editor.default\">\n\t\t\t\t<div class=\"elementor-widget-container\">\n\t\t\t\t\t<div class=\"elementor-text-editor elementor-clearfix\"><h5 style=\"text-align: center;\">EP412J<\/h5><\/div>\n\t\t\t\t<\/div>\n\t\t\t\t<\/div>\n\t\t\t\t\t\t<\/div>\n\t\t\t<\/div>\n\t\t<\/div>\n\t\t\t\t\t\t<\/div>\n\t\t\t<\/div>\n\t\t<\/section>\n\t\t\t\t\t\t<\/div>\n\t\t\t<\/div>\n\t\t<\/div>\n\t\t\t\t\t\t<\/div>\n\t\t\t<\/div>\n\t\t<\/section>\n\t\t\t\t\t\t<\/div>\n\t\t\t<\/div>\n\t\t<\/div>\n\t\t","protected":false},"excerpt":{"rendered":"<p>Naj\u0142atwiejszy spos\u00f3b dostosowania Serii EP do w\u0142asnych potrzeb. Pobierz oprogramowanie BatsiConfigurator, aby skonfigurowa\u0107 urz\u0105dzenia EP112P, EP212J lub EP412J. Pobierz BatsiConfigurator Szczeg\u00f3\u0142y Wersja: v1.2.3 Nazwa pliku: BatsiConfigurator v1.2.3.exe Dane wydania: 18\/02\/2022 Rozmiar pliku: 83 KB Wymagania systemowe Obs\u0142ugiwane systemy operacyjne Windows 7 Service Pack 1; Windows 8; Windows 8.1; Windows Server 2008 R2 SP1; Windows Server [&hellip;]<\/p>\n","protected":false},"author":2,"featured_media":3172,"parent":0,"menu_order":0,"comment_status":"closed","ping_status":"closed","template":"elementor_header_footer","meta":{"footnotes":""},"yoast_head":"<!-- This site is optimized with the Yoast SEO plugin v15.2.1 - https:\/\/yoast.com\/wordpress\/plugins\/seo\/ -->\n<title>BatsiConfigurator - Batsi<\/title>\n<meta name=\"description\" content=\"Pobierz oprogramowanie konfiguracyjne dla regulator\u00f3w proporcjonalnych.\" \/>\n<meta name=\"robots\" content=\"index, follow, max-snippet:-1, max-image-preview:large, max-video-preview:-1\" \/>\n<link rel=\"canonical\" href=\"https:\/\/batsi.eu\/batsiconfigurator-pl\/\" \/>\n<meta property=\"og:locale\" content=\"es_ES\" \/>\n<meta property=\"og:type\" content=\"article\" \/>\n<meta property=\"og:title\" content=\"BatsiConfigurator - Batsi\" \/>\n<meta property=\"og:description\" content=\"Pobierz oprogramowanie konfiguracyjne dla regulator\u00f3w proporcjonalnych.\" \/>\n<meta property=\"og:url\" content=\"https:\/\/batsi.eu\/pl\/batsiconfigurator-pl\/\" \/>\n<meta property=\"og:site_name\" content=\"Batsi\" \/>\n<meta property=\"article:publisher\" content=\"https:\/\/www.facebook.com\/batsi.electronics\" \/>\n<meta property=\"article:modified_time\" content=\"2022-03-14T10:08:25+00:00\" \/>\n<meta property=\"og:image\" content=\"https:\/\/batsi.eu\/wp-content\/uploads\/2022\/02\/SERIE-EP-Control-de-va\u0301lvulas-proporcionales-2.png\" \/>\n\t<meta property=\"og:image:width\" content=\"1200\" \/>\n\t<meta property=\"og:image:height\" content=\"600\" \/>\n<meta name=\"twitter:card\" content=\"summary_large_image\" \/>\n<meta name=\"twitter:label1\" content=\"Escrito por\">\n\t<meta name=\"twitter:data1\" content=\"Batsi\">\n\t<meta name=\"twitter:label2\" content=\"Tiempo de lectura\">\n\t<meta name=\"twitter:data2\" content=\"1 minuto\">\n<script type=\"application\/ld+json\" class=\"yoast-schema-graph\">{\"@context\":\"https:\/\/schema.org\",\"@graph\":[{\"@type\":\"WebSite\",\"@id\":\"https:\/\/batsi.eu\/#website\",\"url\":\"https:\/\/batsi.eu\/\",\"name\":\"Batsi\",\"description\":\"\",\"potentialAction\":[{\"@type\":\"SearchAction\",\"target\":\"https:\/\/batsi.eu\/?s={search_term_string}\",\"query-input\":\"required name=search_term_string\"}],\"inLanguage\":\"es\"},{\"@type\":\"ImageObject\",\"@id\":\"https:\/\/batsi.eu\/pl\/batsiconfigurator-pl\/#primaryimage\",\"inLanguage\":\"es\",\"url\":\"https:\/\/batsi.eu\/wp-content\/uploads\/2022\/02\/SERIE-EP-Control-de-va\\u0301lvulas-proporcionales-2.png\",\"width\":1200,\"height\":600,\"caption\":\"BatsiConfigurator Pobierz oprogramowanie konfiguracyjne dla regulator\\u00f3w proporcjonalnych\"},{\"@type\":\"WebPage\",\"@id\":\"https:\/\/batsi.eu\/pl\/batsiconfigurator-pl\/#webpage\",\"url\":\"https:\/\/batsi.eu\/pl\/batsiconfigurator-pl\/\",\"name\":\"BatsiConfigurator - Batsi\",\"isPartOf\":{\"@id\":\"https:\/\/batsi.eu\/#website\"},\"primaryImageOfPage\":{\"@id\":\"https:\/\/batsi.eu\/pl\/batsiconfigurator-pl\/#primaryimage\"},\"datePublished\":\"2022-03-03T17:54:17+00:00\",\"dateModified\":\"2022-03-14T10:08:25+00:00\",\"description\":\"Pobierz oprogramowanie konfiguracyjne dla regulator\\u00f3w proporcjonalnych.\",\"inLanguage\":\"es\",\"potentialAction\":[{\"@type\":\"ReadAction\",\"target\":[\"https:\/\/batsi.eu\/pl\/batsiconfigurator-pl\/\"]}]}]}<\/script>\n<!-- \/ Yoast SEO plugin. -->","_links":{"self":[{"href":"https:\/\/batsi.eu\/pl\/wp-json\/wp\/v2\/pages\/3147\/"}],"collection":[{"href":"https:\/\/batsi.eu\/pl\/wp-json\/wp\/v2\/pages\/"}],"about":[{"href":"https:\/\/batsi.eu\/pl\/wp-json\/wp\/v2\/types\/page\/"}],"author":[{"embeddable":true,"href":"https:\/\/batsi.eu\/pl\/wp-json\/wp\/v2\/users\/2\/"}],"replies":[{"embeddable":true,"href":"https:\/\/batsi.eu\/pl\/wp-json\/wp\/v2\/comments\/?post=3147"}],"version-history":[{"count":3,"href":"https:\/\/batsi.eu\/pl\/wp-json\/wp\/v2\/pages\/3147\/revisions\/"}],"predecessor-version":[{"id":3423,"href":"https:\/\/batsi.eu\/pl\/wp-json\/wp\/v2\/pages\/3147\/revisions\/3423\/"}],"wp:featuredmedia":[{"embeddable":true,"href":"https:\/\/batsi.eu\/pl\/wp-json\/wp\/v2\/media\/3172\/"}],"wp:attachment":[{"href":"https:\/\/batsi.eu\/pl\/wp-json\/wp\/v2\/media\/?parent=3147"}],"curies":[{"name":"wp","href":"https:\/\/api.w.org\/{rel}","templated":true}]}}