{"id":3146,"date":"2022-03-02T13:13:26","date_gmt":"2022-03-02T12:13:26","guid":{"rendered":"https:\/\/batsi.eu\/?page_id=3146"},"modified":"2022-03-14T11:03:15","modified_gmt":"2022-03-14T10:03:15","slug":"batsiconfigurator-fr","status":"publish","type":"page","link":"https:\/\/batsi.eu\/fr\/batsiconfigurator-fr\/","title":{"rendered":"BatsiConfigurator"},"content":{"rendered":"\t\t<div data-elementor-type=\"wp-page\" data-elementor-id=\"3146\" class=\"elementor elementor-3146\" data-elementor-settings=\"[]\">\n\t\t\t<div class=\"elementor-inner\">\n\t\t\t\t<div class=\"elementor-section-wrap\">\n\t\t\t\t\t\t\t<section class=\"elementor-element elementor-element-816dab9 elementor-section-full_width content-section elementor-section-height-default elementor-section-height-default elementor-section elementor-top-section\" data-id=\"816dab9\" data-element_type=\"section\" data-settings=\"{&quot;background_background&quot;:&quot;classic&quot;}\">\n\t\t\t\t\t\t<div class=\"elementor-container elementor-column-gap-default\">\n\t\t\t\t<div class=\"elementor-row\">\n\t\t\t\t<div class=\"elementor-element elementor-element-4f0c272 elementor-column elementor-col-100 elementor-top-column\" data-id=\"4f0c272\" data-element_type=\"column\">\n\t\t\t<div class=\"elementor-column-wrap  elementor-element-populated\">\n\t\t\t\t\t<div class=\"elementor-widget-wrap\">\n\t\t\t\t<div class=\"elementor-element elementor-element-3dce09e elementor-widget elementor-widget-image\" data-id=\"3dce09e\" data-element_type=\"widget\" data-widget_type=\"image.default\">\n\t\t\t\t<div class=\"elementor-widget-container\">\n\t\t\t\t\t<div class=\"elementor-image\">\n\t\t\t\t\t\t\t\t\t\t<img loading=\"lazy\" decoding=\"async\" width=\"6000\" height=\"3000\" src=\"https:\/\/batsi.eu\/wp-content\/uploads\/2022\/02\/SERIE-EP-Control-de-va\u0301lvulas-proporcionales-4.png\" class=\"attachment-full size-full\" alt=\"\" srcset=\"https:\/\/batsi.eu\/wp-content\/uploads\/2022\/02\/SERIE-EP-Control-de-va\u0301lvulas-proporcionales-4.png 6000w, https:\/\/batsi.eu\/wp-content\/uploads\/2022\/02\/SERIE-EP-Control-de-va\u0301lvulas-proporcionales-4-300x150.png 300w, https:\/\/batsi.eu\/wp-content\/uploads\/2022\/02\/SERIE-EP-Control-de-va\u0301lvulas-proporcionales-4-1024x512.png 1024w, https:\/\/batsi.eu\/wp-content\/uploads\/2022\/02\/SERIE-EP-Control-de-va\u0301lvulas-proporcionales-4-768x384.png 768w, https:\/\/batsi.eu\/wp-content\/uploads\/2022\/02\/SERIE-EP-Control-de-va\u0301lvulas-proporcionales-4-1536x768.png 1536w, https:\/\/batsi.eu\/wp-content\/uploads\/2022\/02\/SERIE-EP-Control-de-va\u0301lvulas-proporcionales-4-2048x1024.png 2048w\" sizes=\"(max-width: 6000px) 100vw, 6000px\" \/>\t\t\t\t\t\t\t\t\t\t\t<\/div>\n\t\t\t\t<\/div>\n\t\t\t\t<\/div>\n\t\t\t\t\t\t<\/div>\n\t\t\t<\/div>\n\t\t<\/div>\n\t\t\t\t\t\t<\/div>\n\t\t\t<\/div>\n\t\t<\/section>\n\t\t\t\t<section class=\"elementor-element elementor-element-dcd9d6a elementor-section-boxed elementor-section-height-default elementor-section-height-default elementor-section elementor-top-section\" data-id=\"dcd9d6a\" data-element_type=\"section\">\n\t\t\t\t\t\t<div class=\"elementor-container elementor-column-gap-default\">\n\t\t\t\t<div class=\"elementor-row\">\n\t\t\t\t<div class=\"elementor-element elementor-element-ee25fd0 elementor-column elementor-col-100 elementor-top-column\" data-id=\"ee25fd0\" data-element_type=\"column\">\n\t\t\t<div class=\"elementor-column-wrap  elementor-element-populated\">\n\t\t\t\t\t<div class=\"elementor-widget-wrap\">\n\t\t\t\t<div class=\"elementor-element elementor-element-e29f31a elementor-widget elementor-widget-heading\" data-id=\"e29f31a\" data-element_type=\"widget\" data-widget_type=\"heading.default\">\n\t\t\t\t<div class=\"elementor-widget-container\">\n\t\t\t<h2 class=\"elementor-heading-title elementor-size-default\">Le moyen le plus simple d'adapter la s\u00e9rie EP \u00e0 vos besoins.<\/h2>\t\t<\/div>\n\t\t\t\t<\/div>\n\t\t\t\t\t\t<\/div>\n\t\t\t<\/div>\n\t\t<\/div>\n\t\t\t\t\t\t<\/div>\n\t\t\t<\/div>\n\t\t<\/section>\n\t\t\t\t<section class=\"elementor-element elementor-element-2c36bc7 elementor-section-height-min-height elementor-section-content-middle elementor-section-boxed elementor-section-height-default elementor-section-items-middle elementor-section elementor-top-section\" data-id=\"2c36bc7\" data-element_type=\"section\">\n\t\t\t\t\t\t<div class=\"elementor-container elementor-column-gap-default\">\n\t\t\t\t<div class=\"elementor-row\">\n\t\t\t\t<div class=\"elementor-element elementor-element-60fddb7 elementor-column elementor-col-50 elementor-top-column\" data-id=\"60fddb7\" data-element_type=\"column\" data-settings=\"{&quot;background_background&quot;:&quot;classic&quot;}\">\n\t\t\t<div class=\"elementor-column-wrap  elementor-element-populated\">\n\t\t\t\t\t<div class=\"elementor-widget-wrap\">\n\t\t\t\t<div class=\"elementor-element elementor-element-b521e9f elementor-widget elementor-widget-text-editor\" data-id=\"b521e9f\" data-element_type=\"widget\" data-widget_type=\"text-editor.default\">\n\t\t\t\t<div class=\"elementor-widget-container\">\n\t\t\t\t\t<div class=\"elementor-text-editor elementor-clearfix\"><p style=\"text-align: left;\">T\u00e9l\u00e9chargez ici le software BatsiConfigurator pour configurer votre \u00e9quipement <strong>EP112P<\/strong>, <strong>EP212J<\/strong> ou <strong>EP412J<\/strong>.<\/p><\/div>\n\t\t\t\t<\/div>\n\t\t\t\t<\/div>\n\t\t\t\t\t\t<\/div>\n\t\t\t<\/div>\n\t\t<\/div>\n\t\t\t\t<div class=\"elementor-element elementor-element-793c795 elementor-column elementor-col-50 elementor-top-column\" data-id=\"793c795\" data-element_type=\"column\" data-settings=\"{&quot;background_background&quot;:&quot;classic&quot;}\">\n\t\t\t<div class=\"elementor-column-wrap  elementor-element-populated\">\n\t\t\t\t\t<div class=\"elementor-widget-wrap\">\n\t\t\t\t<div class=\"elementor-element elementor-element-991fdea elementor-align-center elementor-widget elementor-widget-button\" data-id=\"991fdea\" data-element_type=\"widget\" data-widget_type=\"button.default\">\n\t\t\t\t<div class=\"elementor-widget-container\">\n\t\t\t\t\t<div class=\"elementor-button-wrapper\">\n\t\t\t<a href=\"https:\/\/mega.nz\/file\/hgs1VIKa#CK8pRLWSq5oHIGo9TN7POLuCszv3S1NX7n5pXW2cnqI\" class=\"elementor-button-link elementor-button elementor-size-sm\" role=\"button\">\n\t\t\t\t\t\t<span class=\"elementor-button-content-wrapper\">\n\t\t\t\t\t\t<span class=\"elementor-button-text\">T\u00e9l\u00e9chargez BatsiConfigurator<\/span>\n\t\t<\/span>\n\t\t\t\t\t<\/a>\n\t\t<\/div>\n\t\t\t\t<\/div>\n\t\t\t\t<\/div>\n\t\t\t\t\t\t<\/div>\n\t\t\t<\/div>\n\t\t<\/div>\n\t\t\t\t\t\t<\/div>\n\t\t\t<\/div>\n\t\t<\/section>\n\t\t\t\t<section class=\"elementor-element elementor-element-09e1a0e elementor-section-boxed elementor-section-height-default elementor-section-height-default elementor-section elementor-top-section\" data-id=\"09e1a0e\" data-element_type=\"section\">\n\t\t\t\t\t\t<div class=\"elementor-container elementor-column-gap-default\">\n\t\t\t\t<div class=\"elementor-row\">\n\t\t\t\t<div class=\"elementor-element elementor-element-7e390d2 elementor-column elementor-col-100 elementor-top-column\" data-id=\"7e390d2\" data-element_type=\"column\">\n\t\t\t<div class=\"elementor-column-wrap  elementor-element-populated\">\n\t\t\t\t\t<div class=\"elementor-widget-wrap\">\n\t\t\t\t<section class=\"elementor-element elementor-element-ebc7233 elementor-section-boxed elementor-section-height-default elementor-section-height-default elementor-section elementor-inner-section\" data-id=\"ebc7233\" data-element_type=\"section\">\n\t\t\t\t\t\t<div class=\"elementor-container elementor-column-gap-default\">\n\t\t\t\t<div class=\"elementor-row\">\n\t\t\t\t<div class=\"elementor-element elementor-element-9a63cc1 elementor-column elementor-col-25 elementor-inner-column\" data-id=\"9a63cc1\" data-element_type=\"column\">\n\t\t\t<div class=\"elementor-column-wrap  elementor-element-populated\">\n\t\t\t\t\t<div class=\"elementor-widget-wrap\">\n\t\t\t\t<div class=\"elementor-element elementor-element-c26ec76 elementor-widget elementor-widget-text-editor\" data-id=\"c26ec76\" data-element_type=\"widget\" data-widget_type=\"text-editor.default\">\n\t\t\t\t<div class=\"elementor-widget-container\">\n\t\t\t\t\t<div class=\"elementor-text-editor elementor-clearfix\"><h3>D\u00e9tails<\/h3><\/div>\n\t\t\t\t<\/div>\n\t\t\t\t<\/div>\n\t\t\t\t<div class=\"elementor-element elementor-element-6007147 elementor-widget elementor-widget-text-editor\" data-id=\"6007147\" data-element_type=\"widget\" data-widget_type=\"text-editor.default\">\n\t\t\t\t<div class=\"elementor-widget-container\">\n\t\t\t\t\t<div class=\"elementor-text-editor elementor-clearfix\"><div><div data-cols=\"1\" data-view1=\"1\" data-view2=\"1\" data-view3=\"1\" data-view4=\"1\"><div><div><strong>Version<\/strong>:<\/div><p>v1.2.3<\/p><\/div><\/div><div data-cols=\"1\" data-view1=\"1\" data-view2=\"1\" data-view3=\"1\" data-view4=\"1\"><div><div><strong>Nom du fichier<\/strong>:<\/div><div><p>BatsiConfigurator v1.2.3.exe<\/p><\/div><\/div><\/div><\/div><div><div data-cols=\"1\" data-view1=\"1\" data-view2=\"1\" data-view3=\"1\" data-view4=\"1\"><div><div><strong>Date de publication<\/strong>:<\/div><p>18\/02\/2022<\/p><\/div><\/div><div data-cols=\"1\" data-view1=\"1\" data-view2=\"1\" data-view3=\"1\" data-view4=\"1\"><div><div><strong>Taille du fichier<\/strong>:<\/div><div><p>83 KB<\/p><\/div><\/div><\/div><\/div><\/div>\n\t\t\t\t<\/div>\n\t\t\t\t<\/div>\n\t\t\t\t\t\t<\/div>\n\t\t\t<\/div>\n\t\t<\/div>\n\t\t\t\t<div class=\"elementor-element elementor-element-55b34de elementor-column elementor-col-25 elementor-inner-column\" data-id=\"55b34de\" data-element_type=\"column\">\n\t\t\t<div class=\"elementor-column-wrap  elementor-element-populated\">\n\t\t\t\t\t<div class=\"elementor-widget-wrap\">\n\t\t\t\t<div class=\"elementor-element elementor-element-2b8a023 elementor-widget elementor-widget-text-editor\" data-id=\"2b8a023\" data-element_type=\"widget\" data-widget_type=\"text-editor.default\">\n\t\t\t\t<div class=\"elementor-widget-container\">\n\t\t\t\t\t<div class=\"elementor-text-editor elementor-clearfix\"><h3>Configuration requise<\/h3><\/div>\n\t\t\t\t<\/div>\n\t\t\t\t<\/div>\n\t\t\t\t<div class=\"elementor-element elementor-element-d17a0f5 elementor-widget elementor-widget-text-editor\" data-id=\"d17a0f5\" data-element_type=\"widget\" data-widget_type=\"text-editor.default\">\n\t\t\t\t<div class=\"elementor-widget-container\">\n\t\t\t\t\t<div class=\"elementor-text-editor elementor-clearfix\"><div data-cols=\"1\" data-view1=\"1\" data-view2=\"1\" data-view3=\"1\" data-view4=\"1\"><div><div class=\"supported-os\"><strong>Syst\u00e8me d&#8217;exploitation pris en charge<\/strong><\/div><\/div><p>Windows 7 Service Pack 1; Windows 8; Windows 8.1; Windows Server 2008 R2 SP1; Windows Server 2008 Service Pack 2; Windows Server 2012;\u00a0Windows Server 2012 R2; Windows Vista Service Pack 2.<\/p><p><strong>Configuration mat\u00e9rielle<\/strong><\/p><ul><li><span style=\"font-size: 1rem;\">1 GHz processeur ou plus<\/span><\/li><li>512 MB RAM<\/li><li>4,5 GB d&#8217;espace disque disponible<\/li><\/ul><\/div><\/div>\n\t\t\t\t<\/div>\n\t\t\t\t<\/div>\n\t\t\t\t\t\t<\/div>\n\t\t\t<\/div>\n\t\t<\/div>\n\t\t\t\t<div class=\"elementor-element elementor-element-b009c49 elementor-column elementor-col-25 elementor-inner-column\" data-id=\"b009c49\" data-element_type=\"column\">\n\t\t\t<div class=\"elementor-column-wrap  elementor-element-populated\">\n\t\t\t\t\t<div class=\"elementor-widget-wrap\">\n\t\t\t\t<div class=\"elementor-element elementor-element-c61d9f4 elementor-widget elementor-widget-text-editor\" data-id=\"c61d9f4\" data-element_type=\"widget\" data-widget_type=\"text-editor.default\">\n\t\t\t\t<div class=\"elementor-widget-container\">\n\t\t\t\t\t<div class=\"elementor-text-editor elementor-clearfix\"><h3>Instructions d&#8217;installation<\/h3><\/div>\n\t\t\t\t<\/div>\n\t\t\t\t<\/div>\n\t\t\t\t<div class=\"elementor-element elementor-element-b43fbb8 elementor-widget elementor-widget-text-editor\" data-id=\"b43fbb8\" data-element_type=\"widget\" data-widget_type=\"text-editor.default\">\n\t\t\t\t<div class=\"elementor-widget-container\">\n\t\t\t\t\t<div class=\"elementor-text-editor elementor-clearfix\"><div class=\"span bp0-col-1-1 bp3-col-5-3 bp1-col-5-3 bp2-col-5-3\"><div class=\"row-fluid no-margin-row\" data-cols=\"1\" data-view1=\"1\" data-view2=\"1\" data-view3=\"1\" data-view4=\"1\"><div class=\"span bp0-col-1-1 bp1-col-1-1 bp2-col-1-1 bp3-col-1-1\"><div class=\"header\"><p>T\u00e9l\u00e9chargez le fichier compress\u00e9 \u00e0 travers le lien donn\u00e9. Extrayez le seul fichier que vous trouverez dans le dossier et enregistrez-le sur le bureau de votre ordinateur. Ex\u00e9cutez le software et suivez les instructions donn\u00e9es dans le manuel d&#8217;utilisation.<\/p><\/div><\/div><\/div><\/div><\/div>\n\t\t\t\t<\/div>\n\t\t\t\t<\/div>\n\t\t\t\t\t\t<\/div>\n\t\t\t<\/div>\n\t\t<\/div>\n\t\t\t\t<div class=\"elementor-element elementor-element-5a23e85 elementor-column elementor-col-25 elementor-inner-column\" data-id=\"5a23e85\" data-element_type=\"column\">\n\t\t\t<div class=\"elementor-column-wrap  elementor-element-populated\">\n\t\t\t\t\t<div class=\"elementor-widget-wrap\">\n\t\t\t\t<div class=\"elementor-element elementor-element-f580043 elementor-widget elementor-widget-text-editor\" data-id=\"f580043\" data-element_type=\"widget\" data-widget_type=\"text-editor.default\">\n\t\t\t\t<div class=\"elementor-widget-container\">\n\t\t\t\t\t<div class=\"elementor-text-editor elementor-clearfix\"><h3>Manuel d&#8217;utilisation<\/h3><\/div>\n\t\t\t\t<\/div>\n\t\t\t\t<\/div>\n\t\t\t\t<div class=\"elementor-element elementor-element-f7614cb elementor-widget elementor-widget-text-editor\" data-id=\"f7614cb\" data-element_type=\"widget\" data-widget_type=\"text-editor.default\">\n\t\t\t\t<div class=\"elementor-widget-container\">\n\t\t\t\t\t<div class=\"elementor-text-editor elementor-clearfix\"><p style=\"text-align: left;\">T\u00e9l\u00e9chargez ici le manuel d&#8217;utilisation de la s\u00e9rie EP qui comprend les instructions pour configurer votre r\u00e9gulateur proportionnel via le software BatsiConfigurator.<\/p><\/div>\n\t\t\t\t<\/div>\n\t\t\t\t<\/div>\n\t\t\t\t<div class=\"elementor-element elementor-element-b4c0056 elementor-align-center elementor-widget elementor-widget-button\" data-id=\"b4c0056\" data-element_type=\"widget\" data-widget_type=\"button.default\">\n\t\t\t\t<div class=\"elementor-widget-container\">\n\t\t\t\t\t<div class=\"elementor-button-wrapper\">\n\t\t\t<a href=\"https:\/\/batsi.eu\/wp-content\/uploads\/2022\/03\/EN_User-Manual_EP-series_2022.pdf\" class=\"elementor-button-link elementor-button elementor-size-sm\" role=\"button\">\n\t\t\t\t\t\t<span class=\"elementor-button-content-wrapper\">\n\t\t\t\t\t\t<span class=\"elementor-button-text\">T\u00e9l\u00e9chargez manual<\/span>\n\t\t<\/span>\n\t\t\t\t\t<\/a>\n\t\t<\/div>\n\t\t\t\t<\/div>\n\t\t\t\t<\/div>\n\t\t\t\t\t\t<\/div>\n\t\t\t<\/div>\n\t\t<\/div>\n\t\t\t\t\t\t<\/div>\n\t\t\t<\/div>\n\t\t<\/section>\n\t\t\t\t\t\t<\/div>\n\t\t\t<\/div>\n\t\t<\/div>\n\t\t\t\t\t\t<\/div>\n\t\t\t<\/div>\n\t\t<\/section>\n\t\t\t\t<section class=\"elementor-element elementor-element-70ea48d elementor-section-boxed elementor-section-height-default elementor-section-height-default elementor-section elementor-top-section\" data-id=\"70ea48d\" data-element_type=\"section\">\n\t\t\t\t\t\t<div class=\"elementor-container elementor-column-gap-default\">\n\t\t\t\t<div class=\"elementor-row\">\n\t\t\t\t<div class=\"elementor-element elementor-element-e233502 elementor-column elementor-col-100 elementor-top-column\" data-id=\"e233502\" data-element_type=\"column\">\n\t\t\t<div class=\"elementor-column-wrap  elementor-element-populated\">\n\t\t\t\t\t<div class=\"elementor-widget-wrap\">\n\t\t\t\t<div class=\"elementor-element elementor-element-3d56735 elementor-widget elementor-widget-text-editor\" data-id=\"3d56735\" data-element_type=\"widget\" data-widget_type=\"text-editor.default\">\n\t\t\t\t<div class=\"elementor-widget-container\">\n\t\t\t\t\t<div class=\"elementor-text-editor elementor-clearfix\"><h3>\u00c9quipements compatibles<\/h3><\/div>\n\t\t\t\t<\/div>\n\t\t\t\t<\/div>\n\t\t\t\t<section class=\"elementor-element elementor-element-4d3cdf2 elementor-section-boxed elementor-section-height-default elementor-section-height-default elementor-section elementor-inner-section\" data-id=\"4d3cdf2\" data-element_type=\"section\">\n\t\t\t\t\t\t<div class=\"elementor-container elementor-column-gap-default\">\n\t\t\t\t<div class=\"elementor-row\">\n\t\t\t\t<div class=\"elementor-element elementor-element-9421e9c elementor-column elementor-col-33 elementor-inner-column\" data-id=\"9421e9c\" data-element_type=\"column\">\n\t\t\t<div class=\"elementor-column-wrap  elementor-element-populated\">\n\t\t\t\t\t<div class=\"elementor-widget-wrap\">\n\t\t\t\t<div class=\"elementor-element elementor-element-a91f58e elementor-widget elementor-widget-image\" data-id=\"a91f58e\" data-element_type=\"widget\" data-widget_type=\"image.default\">\n\t\t\t\t<div class=\"elementor-widget-container\">\n\t\t\t\t\t<div class=\"elementor-image\">\n\t\t\t\t\t\t\t\t\t\t\t<a href=\"https:\/\/batsi.eu\/fr\/producto\/ep112p\/\">\n\t\t\t\t\t\t\t<img loading=\"lazy\" decoding=\"async\" width=\"300\" height=\"300\" src=\"https:\/\/batsi.eu\/wp-content\/uploads\/2022\/02\/EP112P_w-1-e1646051936877-300x300.png\" class=\"attachment-medium size-medium\" alt=\"EP112P\" srcset=\"https:\/\/batsi.eu\/wp-content\/uploads\/2022\/02\/EP112P_w-1-e1646051936877-300x300.png 300w, https:\/\/batsi.eu\/wp-content\/uploads\/2022\/02\/EP112P_w-1-e1646051936877-150x150.png 150w, https:\/\/batsi.eu\/wp-content\/uploads\/2022\/02\/EP112P_w-1-e1646051936877.png 600w\" sizes=\"(max-width: 300px) 100vw, 300px\" \/>\t\t\t\t\t\t\t\t<\/a>\n\t\t\t\t\t\t\t\t\t\t\t<\/div>\n\t\t\t\t<\/div>\n\t\t\t\t<\/div>\n\t\t\t\t<div class=\"elementor-element elementor-element-54fe5cd elementor-widget elementor-widget-text-editor\" data-id=\"54fe5cd\" data-element_type=\"widget\" data-widget_type=\"text-editor.default\">\n\t\t\t\t<div class=\"elementor-widget-container\">\n\t\t\t\t\t<div class=\"elementor-text-editor elementor-clearfix\"><h5 style=\"text-align: center;\">EP112P<\/h5><\/div>\n\t\t\t\t<\/div>\n\t\t\t\t<\/div>\n\t\t\t\t\t\t<\/div>\n\t\t\t<\/div>\n\t\t<\/div>\n\t\t\t\t<div class=\"elementor-element elementor-element-6ffaf52 elementor-column elementor-col-33 elementor-inner-column\" data-id=\"6ffaf52\" data-element_type=\"column\">\n\t\t\t<div class=\"elementor-column-wrap  elementor-element-populated\">\n\t\t\t\t\t<div class=\"elementor-widget-wrap\">\n\t\t\t\t<div class=\"elementor-element elementor-element-c2190df elementor-widget elementor-widget-image\" data-id=\"c2190df\" data-element_type=\"widget\" data-widget_type=\"image.default\">\n\t\t\t\t<div class=\"elementor-widget-container\">\n\t\t\t\t\t<div class=\"elementor-image\">\n\t\t\t\t\t\t\t\t\t\t\t<a href=\"https:\/\/batsi.eu\/fr\/producto\/ep212j\/\">\n\t\t\t\t\t\t\t<img loading=\"lazy\" decoding=\"async\" width=\"300\" height=\"300\" src=\"https:\/\/batsi.eu\/wp-content\/uploads\/2022\/02\/EP212J_w-e1646051958268-300x300.png\" class=\"attachment-medium size-medium\" alt=\"EP212J\" srcset=\"https:\/\/batsi.eu\/wp-content\/uploads\/2022\/02\/EP212J_w-e1646051958268-300x300.png 300w, https:\/\/batsi.eu\/wp-content\/uploads\/2022\/02\/EP212J_w-e1646051958268-1024x1024.png 1024w, https:\/\/batsi.eu\/wp-content\/uploads\/2022\/02\/EP212J_w-e1646051958268-150x150.png 150w, https:\/\/batsi.eu\/wp-content\/uploads\/2022\/02\/EP212J_w-e1646051958268-768x768.png 768w\" sizes=\"(max-width: 300px) 100vw, 300px\" \/>\t\t\t\t\t\t\t\t<\/a>\n\t\t\t\t\t\t\t\t\t\t\t<\/div>\n\t\t\t\t<\/div>\n\t\t\t\t<\/div>\n\t\t\t\t<div class=\"elementor-element elementor-element-a5c6bc1 elementor-widget elementor-widget-text-editor\" data-id=\"a5c6bc1\" data-element_type=\"widget\" data-widget_type=\"text-editor.default\">\n\t\t\t\t<div class=\"elementor-widget-container\">\n\t\t\t\t\t<div class=\"elementor-text-editor elementor-clearfix\"><h5 style=\"text-align: center;\">EP212J<\/h5><\/div>\n\t\t\t\t<\/div>\n\t\t\t\t<\/div>\n\t\t\t\t\t\t<\/div>\n\t\t\t<\/div>\n\t\t<\/div>\n\t\t\t\t<div class=\"elementor-element elementor-element-e119b70 elementor-column elementor-col-33 elementor-inner-column\" data-id=\"e119b70\" data-element_type=\"column\">\n\t\t\t<div class=\"elementor-column-wrap  elementor-element-populated\">\n\t\t\t\t\t<div class=\"elementor-widget-wrap\">\n\t\t\t\t<div class=\"elementor-element elementor-element-44b02a0 elementor-widget elementor-widget-image\" data-id=\"44b02a0\" data-element_type=\"widget\" data-widget_type=\"image.default\">\n\t\t\t\t<div class=\"elementor-widget-container\">\n\t\t\t\t\t<div class=\"elementor-image\">\n\t\t\t\t\t\t\t\t\t\t\t<a href=\"https:\/\/batsi.eu\/fr\/producto\/ep412j\/\">\n\t\t\t\t\t\t\t<img loading=\"lazy\" decoding=\"async\" width=\"300\" height=\"200\" src=\"https:\/\/batsi.eu\/wp-content\/uploads\/2022\/02\/EP412J_w-e1646052009689-300x200.png\" class=\"attachment-medium size-medium\" alt=\"EP412J\" srcset=\"https:\/\/batsi.eu\/wp-content\/uploads\/2022\/02\/EP412J_w-e1646052009689-300x200.png 300w, https:\/\/batsi.eu\/wp-content\/uploads\/2022\/02\/EP412J_w-e1646052009689-1024x683.png 1024w, https:\/\/batsi.eu\/wp-content\/uploads\/2022\/02\/EP412J_w-e1646052009689-768x512.png 768w, https:\/\/batsi.eu\/wp-content\/uploads\/2022\/02\/EP412J_w-e1646052009689-1536x1025.png 1536w, https:\/\/batsi.eu\/wp-content\/uploads\/2022\/02\/EP412J_w-e1646052009689.png 1673w\" sizes=\"(max-width: 300px) 100vw, 300px\" \/>\t\t\t\t\t\t\t\t<\/a>\n\t\t\t\t\t\t\t\t\t\t\t<\/div>\n\t\t\t\t<\/div>\n\t\t\t\t<\/div>\n\t\t\t\t<div class=\"elementor-element elementor-element-c31b0ec elementor-widget elementor-widget-text-editor\" data-id=\"c31b0ec\" data-element_type=\"widget\" data-widget_type=\"text-editor.default\">\n\t\t\t\t<div class=\"elementor-widget-container\">\n\t\t\t\t\t<div class=\"elementor-text-editor elementor-clearfix\"><h5 style=\"text-align: center;\">EP412J<\/h5><\/div>\n\t\t\t\t<\/div>\n\t\t\t\t<\/div>\n\t\t\t\t\t\t<\/div>\n\t\t\t<\/div>\n\t\t<\/div>\n\t\t\t\t\t\t<\/div>\n\t\t\t<\/div>\n\t\t<\/section>\n\t\t\t\t\t\t<\/div>\n\t\t\t<\/div>\n\t\t<\/div>\n\t\t\t\t\t\t<\/div>\n\t\t\t<\/div>\n\t\t<\/section>\n\t\t\t\t\t\t<\/div>\n\t\t\t<\/div>\n\t\t<\/div>\n\t\t","protected":false},"excerpt":{"rendered":"<p>Le moyen le plus simple d&#8217;adapter la s\u00e9rie EP \u00e0 vos besoins. T\u00e9l\u00e9chargez ici le software BatsiConfigurator pour configurer votre \u00e9quipement EP112P, EP212J ou EP412J. T\u00e9l\u00e9chargez BatsiConfigurator D\u00e9tails Version: v1.2.3 Nom du fichier: BatsiConfigurator v1.2.3.exe Date de publication: 18\/02\/2022 Taille du fichier: 83 KB Configuration requise Syst\u00e8me d&#8217;exploitation pris en charge Windows 7 Service Pack [&hellip;]<\/p>\n","protected":false},"author":2,"featured_media":3171,"parent":0,"menu_order":0,"comment_status":"closed","ping_status":"closed","template":"elementor_header_footer","meta":{"footnotes":""},"yoast_head":"<!-- This site is optimized with the Yoast SEO plugin v15.2.1 - https:\/\/yoast.com\/wordpress\/plugins\/seo\/ -->\n<title>BatsiConfigurator - Batsi<\/title>\n<meta name=\"description\" content=\"T\u00e9l\u00e9chargez le software pour configurer votre \u00e9quipement.\" \/>\n<meta name=\"robots\" content=\"index, follow, max-snippet:-1, max-image-preview:large, max-video-preview:-1\" \/>\n<link rel=\"canonical\" href=\"https:\/\/batsi.eu\/batsiconfigurator-fr\/\" \/>\n<meta property=\"og:locale\" content=\"es_ES\" \/>\n<meta property=\"og:type\" content=\"article\" \/>\n<meta property=\"og:title\" content=\"BatsiConfigurator - Batsi\" \/>\n<meta property=\"og:description\" content=\"T\u00e9l\u00e9chargez le software pour configurer votre \u00e9quipement.\" \/>\n<meta property=\"og:url\" content=\"https:\/\/batsi.eu\/fr\/batsiconfigurator-fr\/\" \/>\n<meta property=\"og:site_name\" content=\"Batsi\" \/>\n<meta property=\"article:publisher\" content=\"https:\/\/www.facebook.com\/batsi.electronics\" \/>\n<meta property=\"article:modified_time\" content=\"2022-03-14T10:03:15+00:00\" \/>\n<meta property=\"og:image\" content=\"https:\/\/batsi.eu\/wp-content\/uploads\/2022\/02\/SERIE-EP-Control-de-va\u0301lvulas-proporcionales-2.png\" \/>\n\t<meta property=\"og:image:width\" content=\"1200\" \/>\n\t<meta property=\"og:image:height\" content=\"600\" \/>\n<meta name=\"twitter:card\" content=\"summary_large_image\" \/>\n<meta name=\"twitter:label1\" content=\"Escrito por\">\n\t<meta name=\"twitter:data1\" content=\"Batsi\">\n\t<meta name=\"twitter:label2\" content=\"Tiempo de lectura\">\n\t<meta name=\"twitter:data2\" content=\"1 minuto\">\n<script type=\"application\/ld+json\" class=\"yoast-schema-graph\">{\"@context\":\"https:\/\/schema.org\",\"@graph\":[{\"@type\":\"WebSite\",\"@id\":\"https:\/\/batsi.eu\/#website\",\"url\":\"https:\/\/batsi.eu\/\",\"name\":\"Batsi\",\"description\":\"\",\"potentialAction\":[{\"@type\":\"SearchAction\",\"target\":\"https:\/\/batsi.eu\/?s={search_term_string}\",\"query-input\":\"required name=search_term_string\"}],\"inLanguage\":\"es\"},{\"@type\":\"ImageObject\",\"@id\":\"https:\/\/batsi.eu\/fr\/batsiconfigurator-fr\/#primaryimage\",\"inLanguage\":\"es\",\"url\":\"https:\/\/batsi.eu\/wp-content\/uploads\/2022\/02\/SERIE-EP-Control-de-va\\u0301lvulas-proporcionales-2.png\",\"width\":1200,\"height\":600,\"caption\":\"Software BatsiConfigurator paraSERIE EP Control de va\\u0301lvulas proporcionales\"},{\"@type\":\"WebPage\",\"@id\":\"https:\/\/batsi.eu\/fr\/batsiconfigurator-fr\/#webpage\",\"url\":\"https:\/\/batsi.eu\/fr\/batsiconfigurator-fr\/\",\"name\":\"BatsiConfigurator - Batsi\",\"isPartOf\":{\"@id\":\"https:\/\/batsi.eu\/#website\"},\"primaryImageOfPage\":{\"@id\":\"https:\/\/batsi.eu\/fr\/batsiconfigurator-fr\/#primaryimage\"},\"datePublished\":\"2022-03-02T12:13:26+00:00\",\"dateModified\":\"2022-03-14T10:03:15+00:00\",\"description\":\"T\\u00e9l\\u00e9chargez le software pour configurer votre \\u00e9quipement.\",\"inLanguage\":\"es\",\"potentialAction\":[{\"@type\":\"ReadAction\",\"target\":[\"https:\/\/batsi.eu\/fr\/batsiconfigurator-fr\/\"]}]}]}<\/script>\n<!-- \/ Yoast SEO plugin. -->","_links":{"self":[{"href":"https:\/\/batsi.eu\/fr\/wp-json\/wp\/v2\/pages\/3146\/"}],"collection":[{"href":"https:\/\/batsi.eu\/fr\/wp-json\/wp\/v2\/pages\/"}],"about":[{"href":"https:\/\/batsi.eu\/fr\/wp-json\/wp\/v2\/types\/page\/"}],"author":[{"embeddable":true,"href":"https:\/\/batsi.eu\/fr\/wp-json\/wp\/v2\/users\/2\/"}],"replies":[{"embeddable":true,"href":"https:\/\/batsi.eu\/fr\/wp-json\/wp\/v2\/comments\/?post=3146"}],"version-history":[{"count":4,"href":"https:\/\/batsi.eu\/fr\/wp-json\/wp\/v2\/pages\/3146\/revisions\/"}],"predecessor-version":[{"id":3419,"href":"https:\/\/batsi.eu\/fr\/wp-json\/wp\/v2\/pages\/3146\/revisions\/3419\/"}],"wp:featuredmedia":[{"embeddable":true,"href":"https:\/\/batsi.eu\/fr\/wp-json\/wp\/v2\/media\/3171\/"}],"wp:attachment":[{"href":"https:\/\/batsi.eu\/fr\/wp-json\/wp\/v2\/media\/?parent=3146"}],"curies":[{"name":"wp","href":"https:\/\/api.w.org\/{rel}","templated":true}]}}