{"id":1380,"date":"2020-02-05T10:54:44","date_gmt":"2020-02-05T09:54:44","guid":{"rendered":"https:\/\/batsi.eu\/productos\/"},"modified":"2021-07-16T13:47:00","modified_gmt":"2021-07-16T11:47:00","slug":"produits","status":"publish","type":"page","link":"https:\/\/batsi.eu\/fr\/produits\/","title":{"rendered":"Produits"},"content":{"rendered":"\t\t<div data-elementor-type=\"wp-page\" data-elementor-id=\"1380\" class=\"elementor elementor-1380\" data-elementor-settings=\"[]\">\n\t\t\t<div class=\"elementor-inner\">\n\t\t\t\t<div class=\"elementor-section-wrap\">\n\t\t\t\t\t\t\t<section class=\"elementor-element elementor-element-76f7343 elementor-section-full_width elementor-section-height-default elementor-section-height-default elementor-section elementor-top-section\" data-id=\"76f7343\" data-element_type=\"section\">\n\t\t\t\t\t\t<div class=\"elementor-container elementor-column-gap-default\">\n\t\t\t\t<div class=\"elementor-row\">\n\t\t\t\t<div class=\"elementor-element elementor-element-72c55e4 elementor-column elementor-col-50 elementor-top-column\" data-id=\"72c55e4\" data-element_type=\"column\" data-settings=\"{&quot;background_background&quot;:&quot;classic&quot;}\">\n\t\t\t<div class=\"elementor-column-wrap  elementor-element-populated\">\n\t\t\t\t\t<div class=\"elementor-widget-wrap\">\n\t\t\t\t<div class=\"elementor-element elementor-element-827fd30 elementor-widget elementor-widget-shortcode\" data-id=\"827fd30\" data-element_type=\"widget\" data-widget_type=\"shortcode.default\">\n\t\t\t\t<div class=\"elementor-widget-container\">\n\t\t\t\t\t<div class=\"elementor-shortcode\">\n\t<form class=\"search-filters\" name=\"search-form\" method=\"get\">\n\t\t<div class=\"category-filters\">\n\t\t\t<h2>Producto:<\/h2>\n\n\t\t\t<div class=\"form-control category category\">\n\t\t\t\t<input type=\"radio\" id=\"all-categories\"\n\t\t\t\t\t name=\"category\" value=\"all-categories\" \/>\n\t\t\t\t<label for=\"all-categories\">\n\t\t\t\t\tTodos los productos\n\t\t\t\t<\/label>\n\t\t\t<\/div>\n\n\t\t\t<div class=\"form-control category\" class=\"category\">\n\t\t\t\t<input type=\"radio\" id=\"remote-control\"\n\t\t\t\t\t name=\"category\" value=\"remote-control\" \/>\n\t\t\t\t<label for=\"remote-control\">\n\t\t\t\t\tTelecontrol\n\t\t\t\t<\/label>\n\t\t\t<\/div>\n\n\t\t\t<div class=\"subcategories\">\n\t\t\t\t<div class=\"form-control\">\n\t\t\t\t\t<input type=\"radio\" id=\"all-remote-control\"\n\t\t\t\t\t\t name=\"remote-control-subcategory\" value=\"all-remote-control\" \/>\n\t\t\t\t\t<label for=\"all-remote-control\">\n\t\t\t\t\t\tTodos los telecontroles\n\t\t\t\t\t<\/label>\n\t\t\t\t<\/div>\n\n\t\t\t\t<div class=\"form-control\">\n\t\t\t\t\t<input type=\"radio\" id=\"serie-15\"\n\t\t\t\t\t\t name=\"remote-control-subcategory\" value=\"serie-15\" \/>\n\t\t\t\t\t<label for=\"serie-15\">\n\t\t\t\t\t\tSerie 15\n\t\t\t\t\t<\/label>\n\t\t\t\t<\/div>\n\n\t\t\t\t<div class=\"form-control\">\n\t\t\t\t\t<input type=\"radio\" id=\"serie-19\"\n\t\t\t\t\t\t name=\"remote-control-subcategory\" value=\"serie-19\" \/>\n\t\t\t\t\t<label for=\"serie-19\">\n\t\t\t\t\t\tSerie 19\n\t\t\t\t\t<\/label>\n\t\t\t\t<\/div>\n\n\t\t\t\t<div class=\"form-control\">\n\t\t\t\t\t<input type=\"radio\" id=\"serie-sd\"\n\t\t\t\t\t\t name=\"remote-control-subcategory\" value=\"serie-sd\" \/>\n\t\t\t\t\t<label for=\"serie-sd\">\n\t\t\t\t\t\tSerie SD\n\t\t\t\t\t<\/label>\n\t\t\t\t<\/div>\n\n\t\t\t\t<!-- Temporarily disabled\n\t\t\t\t<div class=\"form-control\">\n\t\t\t\t\t<input type=\"radio\" id=\"serie-tb\"\n\t\t\t\t\t\t name=\"remote-control-subcategory\" value=\"serie-tb\" \/>\n\t\t\t\t\t<label for=\"serie-tb\">\n\t\t\t\t\t\tSerie TB\n\t\t\t\t\t<\/label>\n\t\t\t\t<\/div>\n\t\t\t\t-->\n\t\t\t<\/div>\n\n\t\t\t<div class=\"form-control category\">\n\t\t\t\t<input type=\"radio\" id=\"electric-controllers\"\n\t\t\t\t\tname=\"category\"  value=\"electric-controllers\" \/>\n\t\t\t\t<label for=\"electric-controllers\">\n\t\t\t\t\tControladores el\u00e9ctricos\n\t\t\t\t<\/label>\n\t\t\t<\/div>\n\n\t\t\t<div class=\"form-control category\">\n\t\t\t\t<input type=\"radio\" id=\"electronic-equipment\"\n\t\t\t\t\tname=\"category\" value=\"electronic-equipment\" \/>\n\t\t\t\t<label for=\"electronic-equipment\">\n\t\t\t\t\tControladores electr\u00f3nicos\n\t\t\t\t<\/label>\n\t\t\t<\/div>\n\n\t\t\t<div class=\"subcategories\">\n\t\t\t\t<div class=\"form-control\">\n\t\t\t\t\t<input type=\"radio\" id=\"all-electronic-equipment\"\n\t\t\t\t\t\t name=\"electronic-equipment-subcategory\" value=\"all-electronic-equipment\" \/>\n\t\t\t\t\t<label for=\"all-electronic-equipment\">\n\t\t\t\t\t\tTodos los controladores electr\u00f3nicos\n\t\t\t\t\t<\/label>\n\t\t\t\t<\/div>\n\n\t\t\t\t<div class=\"form-control\">\n                \t<input type=\"radio\" id=\"proportional-groups\"\n                \t\tname=\"electronic-equipment-subcategory\" value=\"2-proportional-controllers\" \/>\n\t\t\t\t\t<label for=\"proportional-controllers\">\n                \t\tControladores proporcionales\n                \t<\/label>\n\t\t\t\t<\/div>\n\n\t\t\t\t<div class=\"form-control\">\n\t\t\t\t\t<input type=\"radio\" id=\"power-groups\"\n\t\t\t\t\t\t name=\"electronic-equipment-subcategory\" value=\"power-groups\" \/>\n\t\t\t\t\t<label for=\"power-groups\">\n\t\t\t\t\t\tGrupos de potencia\n\t\t\t\t\t<\/label>\n\t\t\t\t<\/div>\n\t\t\t<\/div>\n\n\n\t\t\t<div class=\"form-control category\">\n\t\t\t\t<input type=\"radio\" id=\"information-modules\"\n\t\t\t\t\tname=\"category\" value=\"information-modules\" \/>\n\t\t\t\t<label for=\"information-modules\">\n\t\t\t\t\tM\u00f3dulos de informaci\u00f3n\n\t\t\t\t<\/label>\n\t\t\t<\/div>\n\t\t<\/div>\n\n\t\t<input type=\"submit\" value=\"Aplicar filtros\">\n\t<\/form>\n\t<\/div>\n\t\t\t\t<\/div>\n\t\t\t\t<\/div>\n\t\t\t\t\t\t<\/div>\n\t\t\t<\/div>\n\t\t<\/div>\n\t\t\t\t<div class=\"elementor-element elementor-element-b5f1e8c elementor-column elementor-col-50 elementor-top-column\" data-id=\"b5f1e8c\" data-element_type=\"column\">\n\t\t\t<div class=\"elementor-column-wrap  elementor-element-populated\">\n\t\t\t\t\t<div class=\"elementor-widget-wrap\">\n\t\t\t\t<div class=\"elementor-element elementor-element-189f04f elementor-widget elementor-widget-shortcode\" data-id=\"189f04f\" data-element_type=\"widget\" data-widget_type=\"shortcode.default\">\n\t\t\t\t<div class=\"elementor-widget-container\">\n\t\t\t\t\t<div class=\"elementor-shortcode\">\n\t<div class=\"products-container\"><h2 class=\"category-header\">Serie 15<\/h2>\n\t\t\t<div class=\"products-grid\">\n\t\t\t\t\n\t\t\t\t<a class=\"product-card\" href=\"https:\/\/batsi.eu\/producto\/transmisor-tx01502\/\">\n\t\t\t\t\t<img decoding=\"async\" class=\"image\" src=\"https:\/\/batsi.eu\/wp-content\/uploads\/2020\/04\/tx01502.png\"\n\t\t\t\t\t\t alt=\"tx01502\">\n\t\t\t\t\t<div class=\"text\">\n\t\t\t\t\t\t<div class=\"name\">Transmisor TX01502<\/div>\n\t\t\t\t\t\t<div class=\"description\"><p>Mando transmisor v\u00eda radio de 2 canales con teclado de membrana y&#8230;<\/p>\n<\/div>\n\t\t\t\t\t<\/div>\n\t\t\t\t<\/a>\n\t\t\n\t\t\t\t<a class=\"product-card\" href=\"https:\/\/batsi.eu\/producto\/transmisor-tx01504\/\">\n\t\t\t\t\t<img decoding=\"async\" class=\"image\" src=\"https:\/\/batsi.eu\/wp-content\/uploads\/2020\/04\/tx01504.png\"\n\t\t\t\t\t\t alt=\"tx01504\">\n\t\t\t\t\t<div class=\"text\">\n\t\t\t\t\t\t<div class=\"name\">Transmisor TX01504<\/div>\n\t\t\t\t\t\t<div class=\"description\"><p>Mando transmisor v\u00eda radio de 4 canales con teclado de membrana y&#8230;<\/p>\n<\/div>\n\t\t\t\t\t<\/div>\n\t\t\t\t<\/a>\n\t\t<\/div><h2 class=\"category-header\">Serie 19<\/h2>\n\t\t\t<div class=\"products-grid\">\n\t\t\t\t\n\t\t\t\t<a class=\"product-card\" href=\"https:\/\/batsi.eu\/producto\/transmisor-tx1906r\/\">\n\t\t\t\t\t<img decoding=\"async\" class=\"image\" src=\"https:\/\/batsi.eu\/wp-content\/uploads\/2020\/02\/tx1906r-1.jpg\"\n\t\t\t\t\t\t alt=\"telecontrol\">\n\t\t\t\t\t<div class=\"text\">\n\t\t\t\t\t\t<div class=\"name\">Transmisor TX1906R<\/div>\n\t\t\t\t\t\t<div class=\"description\"><p>Mando transmisor v\u00eda radio de 6 canales con teclado de membrana y&#8230;<\/p>\n<\/div>\n\t\t\t\t\t<\/div>\n\t\t\t\t<\/a>\n\t\t\n\t\t\t\t<a class=\"product-card\" href=\"https:\/\/batsi.eu\/producto\/transmisor-tx1908r\/\">\n\t\t\t\t\t<img decoding=\"async\" class=\"image\" src=\"https:\/\/batsi.eu\/wp-content\/uploads\/2020\/03\/tx1908r-1.jpg\"\n\t\t\t\t\t\t alt=\"\">\n\t\t\t\t\t<div class=\"text\">\n\t\t\t\t\t\t<div class=\"name\">Transmisor TX1908R<\/div>\n\t\t\t\t\t\t<div class=\"description\"><p>Mando transmisor v\u00eda radio de 8 canales con teclado de membrana y&#8230;<\/p>\n<\/div>\n\t\t\t\t\t<\/div>\n\t\t\t\t<\/a>\n\t\t\n\t\t\t\t<a class=\"product-card\" href=\"https:\/\/batsi.eu\/producto\/transmisor-tx1909r\/\">\n\t\t\t\t\t<img decoding=\"async\" class=\"image\" src=\"https:\/\/batsi.eu\/wp-content\/uploads\/2020\/03\/tx1909r.jpg\"\n\t\t\t\t\t\t alt=\"\">\n\t\t\t\t\t<div class=\"text\">\n\t\t\t\t\t\t<div class=\"name\">Transmisor TX1909R<\/div>\n\t\t\t\t\t\t<div class=\"description\"><p>Mando transmisor v\u00eda radio de 8 canales + ON\/OFF con teclado de&#8230;<\/p>\n<\/div>\n\t\t\t\t\t<\/div>\n\t\t\t\t<\/a>\n\t\t\n\t\t\t\t<a class=\"product-card\" href=\"https:\/\/batsi.eu\/producto\/transmisor-tx1911r\/\">\n\t\t\t\t\t<img decoding=\"async\" class=\"image\" src=\"https:\/\/batsi.eu\/wp-content\/uploads\/2020\/03\/TX1911R-1.jpg\"\n\t\t\t\t\t\t alt=\"\">\n\t\t\t\t\t<div class=\"text\">\n\t\t\t\t\t\t<div class=\"name\">Transmisor TX1911R<\/div>\n\t\t\t\t\t\t<div class=\"description\"><p>Mando transmisor v\u00eda radio de 10 canales + ON\/OFF con teclado de&#8230;<\/p>\n<\/div>\n\t\t\t\t\t<\/div>\n\t\t\t\t<\/a>\n\t\t\n\t\t\t\t<a class=\"product-card\" href=\"https:\/\/batsi.eu\/producto\/transmisor-tx1916r\/\">\n\t\t\t\t\t<img decoding=\"async\" class=\"image\" src=\"https:\/\/batsi.eu\/wp-content\/uploads\/2020\/03\/TX1916R-1.jpg\"\n\t\t\t\t\t\t alt=\"\">\n\t\t\t\t\t<div class=\"text\">\n\t\t\t\t\t\t<div class=\"name\">Transmisor TX1916R<\/div>\n\t\t\t\t\t\t<div class=\"description\"><p>Mando transmisor v\u00eda radio de 16 canales con teclado de membrana y&#8230;<\/p>\n<\/div>\n\t\t\t\t\t<\/div>\n\t\t\t\t<\/a>\n\t\t\n\t\t\t\t<a class=\"product-card\" href=\"https:\/\/batsi.eu\/producto\/transmisor-tx1912r\/\">\n\t\t\t\t\t<img decoding=\"async\" class=\"image\" src=\"https:\/\/batsi.eu\/wp-content\/uploads\/2020\/03\/TX1912R-1.jpg\"\n\t\t\t\t\t\t alt=\"\">\n\t\t\t\t\t<div class=\"text\">\n\t\t\t\t\t\t<div class=\"name\">Transmisor TX1912R<\/div>\n\t\t\t\t\t\t<div class=\"description\"><p>Mando transmisor v\u00eda radio de 12 canales con teclado de membrana y&#8230;<\/p>\n<\/div>\n\t\t\t\t\t<\/div>\n\t\t\t\t<\/a>\n\t\t<\/div><h2 class=\"category-header\">Serie SD<span class=\"subtitle\">Mandos para puertas industriales<\/span><\/h2>\n\t\t\t<div class=\"products-grid\">\n\t\t\t\t\n\t\t\t\t<a class=\"product-card\" href=\"https:\/\/batsi.eu\/producto\/transmisor-tx02sd\/\">\n\t\t\t\t\t<img decoding=\"async\" class=\"image\" src=\"https:\/\/batsi.eu\/wp-content\/uploads\/2020\/04\/tx01502.png\"\n\t\t\t\t\t\t alt=\"tx01502\">\n\t\t\t\t\t<div class=\"text\">\n\t\t\t\t\t\t<div class=\"name\">Transmisor TX02SD<\/div>\n\t\t\t\t\t\t<div class=\"description\"><p>Mando transmisor v\u00eda radio de 2 canales con teclado de membrana y&#8230;<\/p>\n<\/div>\n\t\t\t\t\t<\/div>\n\t\t\t\t<\/a>\n\t\t<\/div>\n        <nav class=\"pagination-wrapper\" aria-label=\"P\u00e1ginas de los resultados de b\u00fasqueda\">\n            <ul class=\"pagination\">\n    <li class=\"page-item\"><span aria-current=\"page\" class=\"page-numbers current\">1<\/span><\/li><li class=\"page-item\"><a class=\"page-numbers\" href=\"?pag=2\">2<\/a><\/li><li class=\"page-item\"><span class=\"page-numbers dots\">&hellip;<\/span><\/li><li class=\"page-item\"><a class=\"page-numbers\" href=\"?pag=6\">6<\/a><\/li>\n            <\/ul>\n        <\/nav>\n    \n\t<\/div><\/div>\n\t\t\t\t<\/div>\n\t\t\t\t<\/div>\n\t\t\t\t\t\t<\/div>\n\t\t\t<\/div>\n\t\t<\/div>\n\t\t\t\t\t\t<\/div>\n\t\t\t<\/div>\n\t\t<\/section>\n\t\t\t\t\t\t<\/div>\n\t\t\t<\/div>\n\t\t<\/div>\n\t\t","protected":false},"excerpt":{"rendered":"","protected":false},"author":1,"featured_media":0,"parent":0,"menu_order":0,"comment_status":"closed","ping_status":"closed","template":"elementor_header_footer","meta":{"footnotes":""},"yoast_head":"<!-- This site is optimized with the Yoast SEO plugin v15.2.1 - https:\/\/yoast.com\/wordpress\/plugins\/seo\/ -->\n<title>Produits - Batsi<\/title>\n<meta name=\"description\" content=\"Consultez notre catalogue: contr\u00f4le \u00e0 distance, \u00e9quipements \u00e9lectriques et \u00e9lectroniques, modules d&#039;information.\" \/>\n<meta name=\"robots\" content=\"index, follow, max-snippet:-1, max-image-preview:large, max-video-preview:-1\" \/>\n<link rel=\"canonical\" href=\"https:\/\/batsi.eu\/produits\/\" \/>\n<meta property=\"og:locale\" content=\"es_ES\" \/>\n<meta property=\"og:type\" content=\"article\" \/>\n<meta property=\"og:title\" content=\"Produits - Batsi\" \/>\n<meta property=\"og:description\" content=\"Consultez notre catalogue: contr\u00f4le \u00e0 distance, \u00e9quipements \u00e9lectriques et \u00e9lectroniques, modules d&#039;information.\" \/>\n<meta property=\"og:url\" content=\"https:\/\/batsi.eu\/fr\/produits\/\" \/>\n<meta property=\"og:site_name\" content=\"Batsi\" \/>\n<meta property=\"article:publisher\" content=\"https:\/\/www.facebook.com\/batsi.electronics\" \/>\n<meta property=\"article:modified_time\" content=\"2021-07-16T11:47:00+00:00\" \/>\n<meta name=\"twitter:card\" content=\"summary_large_image\" \/>\n<meta name=\"twitter:label1\" content=\"Escrito por\">\n\t<meta name=\"twitter:data1\" content=\"web\">\n\t<meta name=\"twitter:label2\" content=\"Tiempo de lectura\">\n\t<meta name=\"twitter:data2\" content=\"0 minutos\">\n<script type=\"application\/ld+json\" class=\"yoast-schema-graph\">{\"@context\":\"https:\/\/schema.org\",\"@graph\":[{\"@type\":\"WebSite\",\"@id\":\"https:\/\/batsi.eu\/#website\",\"url\":\"https:\/\/batsi.eu\/\",\"name\":\"Batsi\",\"description\":\"\",\"potentialAction\":[{\"@type\":\"SearchAction\",\"target\":\"https:\/\/batsi.eu\/?s={search_term_string}\",\"query-input\":\"required name=search_term_string\"}],\"inLanguage\":\"es\"},{\"@type\":\"WebPage\",\"@id\":\"https:\/\/batsi.eu\/fr\/produits\/#webpage\",\"url\":\"https:\/\/batsi.eu\/fr\/produits\/\",\"name\":\"Produits - Batsi\",\"isPartOf\":{\"@id\":\"https:\/\/batsi.eu\/#website\"},\"datePublished\":\"2020-02-05T09:54:44+00:00\",\"dateModified\":\"2021-07-16T11:47:00+00:00\",\"description\":\"Consultez notre catalogue: contr\\u00f4le \\u00e0 distance, \\u00e9quipements \\u00e9lectriques et \\u00e9lectroniques, modules d'information.\",\"inLanguage\":\"es\",\"potentialAction\":[{\"@type\":\"ReadAction\",\"target\":[\"https:\/\/batsi.eu\/fr\/produits\/\"]}]}]}<\/script>\n<!-- \/ Yoast SEO plugin. -->","_links":{"self":[{"href":"https:\/\/batsi.eu\/fr\/wp-json\/wp\/v2\/pages\/1380\/"}],"collection":[{"href":"https:\/\/batsi.eu\/fr\/wp-json\/wp\/v2\/pages\/"}],"about":[{"href":"https:\/\/batsi.eu\/fr\/wp-json\/wp\/v2\/types\/page\/"}],"author":[{"embeddable":true,"href":"https:\/\/batsi.eu\/fr\/wp-json\/wp\/v2\/users\/1\/"}],"replies":[{"embeddable":true,"href":"https:\/\/batsi.eu\/fr\/wp-json\/wp\/v2\/comments\/?post=1380"}],"version-history":[{"count":1,"href":"https:\/\/batsi.eu\/fr\/wp-json\/wp\/v2\/pages\/1380\/revisions\/"}],"predecessor-version":[{"id":1381,"href":"https:\/\/batsi.eu\/fr\/wp-json\/wp\/v2\/pages\/1380\/revisions\/1381\/"}],"wp:attachment":[{"href":"https:\/\/batsi.eu\/fr\/wp-json\/wp\/v2\/media\/?parent=1380"}],"curies":[{"name":"wp","href":"https:\/\/api.w.org\/{rel}","templated":true}]}}